{"id":8966,"date":"2022-06-27T16:03:35","date_gmt":"2022-06-27T14:03:35","guid":{"rendered":"https:\/\/alternatiba.eu\/nantes-oca\/?page_id=8966"},"modified":"2024-02-05T22:19:29","modified_gmt":"2024-02-05T21:19:29","slug":"outils","status":"publish","type":"page","link":"https:\/\/alternatiba.eu\/nantes-oca\/outils\/","title":{"rendered":"\ud83e\uddf0 Caisse \u00e0 outils Alternatiba Nantes\/GIGNV \ud83e\uddf0"},"content":{"rendered":"\n<div class=\"wp-block-columns is-layout-flex wp-container-core-columns-layout-1 wp-block-columns-is-layout-flex\">\n<div class=\"wp-block-column is-layout-flow wp-block-column-is-layout-flow\">\n<h2 class=\"wp-block-heading has-text-color\" style=\"color:#00804d\">\ud83d\udc63 Premiers pas&#8230;<\/h2>\n\n\n\n<p><strong>Pour aider les nouvelleaux \u00e0 s&rsquo;y retrouver&nbsp;<\/strong><\/p>\n\n\n\n<ul>\n<li><a href=\"https:\/\/bdd.alternatiba.eu\/form\/p2MIp27RXpGuZiGBmjx0RJG76zpfjdplpkyJF9naRhE\" target=\"_blank\" rel=\"noreferrer noopener\">Formulaire<\/a> \u00e0 remplir pour rentrer dans la boucle<\/li>\n\n\n\n<li><a href=\"https:\/\/t.me\/+mvO3en05wB9hMmJk\">Boucle T\u00e9l\u00e9gram des nouvelleaux<\/a><\/li>\n\n\n\n<li><a rel=\"noreferrer noopener\" href=\"https:\/\/drive.google.com\/drive\/folders\/1lAWZdoAcplJPUPRUlPVmIRho_oyc5520\" target=\"_blank\">Livret d&rsquo;accueil<\/a><\/li>\n\n\n\n<li><img loading=\"lazy\" decoding=\"async\" src=\"https:\/\/lh6.googleusercontent.com\/Hr-UnyxrgimdpK5e_0cgYV2tVdKO0NwYNh8YB1mlq396zgsEqf5D9SHOovU4qLjMt7QKprByvY-MPFDs9hn4PQ2njKUPMgKQppljUF-h4xVuQGM6OcaVxege7okLGm8o-UwieQ08y4c\" width=\"15\" height=\"11\">  <a rel=\"noreferrer noopener\" href=\"https:\/\/www.youtube.com\/watch?v=uAlD8zLKwQI\" target=\"_blank\">Quelle strat\u00e9gie pour relever le d\u00e9fi climatique ?<\/a> (module fondamental)<\/li>\n\n\n\n<li><a rel=\"noreferrer noopener\" href=\"http:\/\/alternatiba.eu\/charte\" target=\"_blank\">Charte des Alternatiba<\/a><\/li>\n\n\n\n<li><a rel=\"noreferrer noopener\" href=\"https:\/\/docs.google.com\/document\/d\/1bYKb1_28FNGJfOYf4QtbJToD1Vt38YCU9ferJF3F3oo\/edit\" target=\"_blank\">Charte des actions locales d\u2019ANV-COP21<\/a><\/li>\n\n\n\n<li><a rel=\"noreferrer noopener\" href=\"https:\/\/anv-cop21.org\/criteres-non-violence\/\" target=\"_blank\">Crit\u00e8res de non-violence d\u2019ANV-COP21<\/a><\/li>\n\n\n\n<li>\ud83c\udfa5 Documentaire \u201c<a rel=\"noreferrer noopener\" href=\"https:\/\/www.imagotv.fr\/documentaires\/irrintzina-le-cri-de-la-generation-climat\" target=\"_blank\">Irrintzina, le cri de la g\u00e9n\u00e9ration climat<\/a>\u201d : film sur les d\u00e9buts d\u2019Alternatiba et ANV-COP21<\/li>\n\n\n\n<li>\ud83c\udfa5 Documentaire \u201c<a rel=\"noreferrer noopener\" href=\"https:\/\/boutique.arte.tv\/detail\/desobeissantes\" target=\"_blank\">D\u00e9sob\u00e9issant\u00b7es<\/a>\u201d : film sur le mouvement apr\u00e8s l\u2019\u00e9t\u00e9 2018 (uniquement disponible en VOD)<br><\/li>\n<\/ul>\n\n\n\n<h2 class=\"wp-block-heading has-text-color\" style=\"color:#00804d\">\ud83d\udc6a Les groupes\u00a0<\/h2>\n\n\n\n<p>Voir la <a href=\"https:\/\/bdd.alternatiba.eu\/public\/gallery\/1WL21k5vspHND4C1bS9sNQV7BzPddjD4E27gqcJHaEU\">liste des groupes d\u00e9taill\u00e9e<\/a>.<\/p>\n\n\n\n<p class=\"has-text-color\" style=\"color:#f7941e\"><strong>D\u00e9part du Tour Alternatiba<\/strong><\/p>\n\n\n\n<p>\u2709\ufe0f Rejoindre le groupe : contacter <a href=\"https:\/\/t.me\/Kukioju\">Antho<\/a><\/p>\n\n\n\n<p><img loading=\"lazy\" decoding=\"async\" width=\"15\" height=\"15\" src=\"https:\/\/lh4.googleusercontent.com\/7s8ORGtW_7rnK-EQcGb3RUtcCOxVz0j70Ybm4Mw8wGOBP05HettcJIpNjvm-tZ56sxIXSUF_y0E7R0wDbhiPffBvJIVq_nFqBeWGVQ5u6ZfirtqnCLn4gdMg9flEI4s4FIx4YrQNX6Y\"> Fil Telegram <a href=\"https:\/\/t.me\/+VEcSlIUHoclhOTM8\">D\u00e9part du Tour<\/a>  <\/p>\n\n\n\n<p class=\"has-text-color\" style=\"color:#f7941e\"><strong>La BASE<\/strong><\/p>\n\n\n\n<p>\u2709\ufe0f Rejoindre le groupe : contacter <a href=\"https:\/\/t.me\/heloise_hop\">H\u00e9lo\u00efse<\/a><\/p>\n\n\n\n<p>\ud83c\udf10 <a href=\"https:\/\/labasenantes.org\/\">labasenantes.org<\/a><br><img loading=\"lazy\" decoding=\"async\" src=\"https:\/\/lh4.googleusercontent.com\/7s8ORGtW_7rnK-EQcGb3RUtcCOxVz0j70Ybm4Mw8wGOBP05HettcJIpNjvm-tZ56sxIXSUF_y0E7R0wDbhiPffBvJIVq_nFqBeWGVQ5u6ZfirtqnCLn4gdMg9flEI4s4FIx4YrQNX6Y\" width=\"15\" height=\"15\"> Fil Telegram <a href=\"https:\/\/t.me\/+Tb1k8SAohf65ZmQ6\">\u00ab\u00a0BASE x MdP\u00a0\u00bb<\/a> <br><img loading=\"lazy\" decoding=\"async\" src=\"https:\/\/lh4.googleusercontent.com\/7s8ORGtW_7rnK-EQcGb3RUtcCOxVz0j70Ybm4Mw8wGOBP05HettcJIpNjvm-tZ56sxIXSUF_y0E7R0wDbhiPffBvJIVq_nFqBeWGVQ5u6ZfirtqnCLn4gdMg9flEI4s4FIx4YrQNX6Y\" width=\"15\" height=\"15\"> Fil Telegram <a href=\"https:\/\/t.me\/joinchat\/Hf_ce3rsCryoreqM\">\u00ab\u00a0BASE des digressions\u00a0\u00bb<\/a><br><\/p>\n\n\n\n<p class=\"has-text-color\" style=\"color:#f7941e\"><strong>Livre Blanc pour le Climat<\/strong><\/p>\n\n\n\n<p>\u2709\ufe0f Rejoindre le groupe : contacter <a href=\"https:\/\/t.me\/Colin_Nantes\">Colin<\/a><\/p>\n\n\n\n<p>\ud83c\udf10 <a href=\"https:\/\/nantes.alternatiba.eu\/actions-et-actus\/livre-blanc-climat-nantes\/\">nantes.alternatiba.eu\/actions-et-actus\/livre-blanc-climat-nantes\/<br><\/a>\ud83d\udcd6 LE <a rel=\"noreferrer noopener\" href=\"https:\/\/nantes.alternatiba.eu\/wp-content\/uploads\/sites\/7\/2020\/01\/LivreBlancClimatNantes280120.pdf\" target=\"_blank\">livre<\/a><br>\ud83e\udde9 <a href=\"https:\/\/interconnexions-et-climat.gitlab.io\/website\/\">Interconnexions et Climat<\/a><br><\/p>\n\n\n\n<p class=\"has-text-color\" style=\"color:#f7941e\"><strong>Transiscope en Pays Nantais<\/strong><\/p>\n\n\n\n<p>\u2709\ufe0f Rejoindre le groupe : contacter <a href=\"https:\/\/t.me\/SoofiieeC\">Sophie<\/a><\/p>\n\n\n\n<p>Nous rejoindre <a href=\"https:\/\/signal.group\/#CjQKIKgwRU0R4rElib3Q4uE0-y_d43d7fg0_exwVxTmO4u3cEhBJrV9Lmxjp5VmynBzgDQKJ\">sur SIGNAL<\/a><\/p>\n\n\n\n<p>\u2709\ufe0f transiscope.nantes@protonmail.com<br>\ud83c\udf10 <a rel=\"noreferrer noopener\" href=\"https:\/\/nantes.alternatiba.eu\/transiscope-pays-nantais\/\" target=\"_blank\">nantes.alternatiba.eu\/transiscope-pays-nantais\/<\/a><br>\ud83c\udf0d le projet <a href=\"https:\/\/nantes.transiscope.org\/\">nantes.transiscope.org<\/a><br>\ud83e\udde9 <a href=\"https:\/\/interconnexions-et-climat.gitlab.io\/website\/\">Interconnexions et Climat<\/a><br><\/p>\n\n\n\n<p class=\"has-text-color\" style=\"color:#f7941e\"><strong>Groupe Aviation (A bas les Navions !)<\/strong><\/p>\n\n\n\n<p>\u2709\ufe0f Rejoindre le groupe : contacter <a href=\"https:\/\/t.me\/remi_grenouille\">R\u00e9mi<\/a> ou <a href=\"https:\/\/t.me\/arthurbouguet\">Arthur<\/a><\/p>\n\n\n\n<p class=\"has-text-color\" style=\"color:#f7941e\"><strong>Groupe FerNantes <\/strong><\/p>\n\n\n\n<p>\u2709\ufe0f Rejoindre le groupe : contacter <a href=\"https:\/\/t.me\/BenNantes\">Benji<\/a><\/p>\n\n\n\n<p class=\"has-text-color\" style=\"color:#f7941e\"><strong>GIGNV <\/strong><\/p>\n\n\n\n<p>\u2709\ufe0f Rejoindre le groupe : contacter <a href=\"https:\/\/t.me\/remi_grenouille\">R\u00e9mi<\/a><\/p>\n\n\n\n<p class=\"has-text-color\" style=\"color:#f7941e\"><strong>Stop Total 44<\/strong><\/p>\n\n\n\n<p>\u2709\ufe0f Rejoindre le groupe : contacter <a href=\"https:\/\/t.me\/SophieJa\">Sophie<\/a><\/p>\n\n\n\n<h2 class=\"wp-block-heading has-text-color\" style=\"color:#00804d\">\ud83e\uddee Logistique<\/h2>\n\n\n\n<h3 class=\"wp-block-heading has-text-color\" style=\"color:#f7941e\">\ud83d\udcda Mat\u00e9riel<\/h3>\n\n\n\n<p>\ud83e\uddfe <a href=\"https:\/\/docs.google.com\/spreadsheets\/d\/1gAJzm9Wt_nFPaR_31fZIVsAtlMSAXXoiTqBnHl8daBU\/edit\">Tableau<\/a> du stock de mat\u00e9riel\/stand Alternatiba Nantes et GIGNV<\/p>\n\n\n\n<p>Pour r\u00e9cup\u00e9rer le mat\u00e9riel au local d&rsquo;Attac (4 place de la manu), contacter Benjamin \u00e0 l&rsquo;avance au 0750863950<\/p>\n\n\n\n<h3 class=\"wp-block-heading has-text-color\" style=\"color:#f7941e\">\ud83c\udfd8\ufe0f Salles de r\u00e9union<\/h3>\n\n\n\n<ul>\n<li>La Maison des Citoyens du Monde (MCM) au 8 rue Lekain \u00e0 Nantes. Pour r\u00e9server, envoyer un mail \u00e0 l&rsquo;adresse mcminfos@mcm44.org ou appeler le 02 40 69 40 17 ou aller sur place les lundis, mardis, mercredis, jeudis de <strong>14h \u00e0 18h<\/strong>.<\/li>\n<\/ul>\n\n\n\n<ul>\n<li>Local d&rsquo;Attac au 4 place de la Manu, contacter Benjamin \u00e0 l&rsquo;avance au 0750863950<\/li>\n<\/ul>\n\n\n\n<ul>\n<li>Le Chapeau Rouge au 4 rue du Chapeau Rouge. Pour r\u00e9server, envoyer un message sur leur page Facebook ou aller voir sur place.<br><\/li>\n<\/ul>\n\n\n\n<h2 class=\"wp-block-heading has-text-color\" style=\"color:#00804d\">Contact<\/h2>\n\n\n\n<p class=\"has-text-color\" style=\"color:#f7941e\"><strong>Alternatiba Nantes :<\/strong><\/p>\n\n\n\n<p>&nbsp;&nbsp;&nbsp; \u2709\ufe0f  Mail : nantes@alternatiba.eu<\/p>\n\n\n\n<p>&nbsp;&nbsp;&nbsp; \ud83c\udf10 Site : <a href=\"https:\/\/nantes.alternatiba.eu\/\">https:\/\/nantes.alternatiba.eu\/<\/a><\/p>\n\n\n\n<p>&nbsp;&nbsp;&nbsp; <img loading=\"lazy\" decoding=\"async\" src=\"https:\/\/lh6.googleusercontent.com\/uM6TDqbo6RmFFV2PoOtjuKYkYXcisBR3cwXor1Gdza_AgRtlKwQt9R2pVjTuELzEwWds3-HgZJTNVLckHAKXg4Iloa6fdbrR-9_OphDtpyZ3ZDN6Sch5lyh0sGcMlVapRCV-DOSq-1Q\" width=\"15\" height=\"15\"> Facebook : <a href=\"https:\/\/www.facebook.com\/alternatibanantes\">alternatibanantes<\/a><\/p>\n\n\n\n<p>&nbsp;&nbsp;&nbsp; <img loading=\"lazy\" decoding=\"async\" src=\"https:\/\/lh3.googleusercontent.com\/AeaqbuQDkEFx_sTk5XdYlaFpYWs5Br5SHulP_7tV1lomlHZFJYWx2Qp-TJju9C-_7SoJWhsZwDZK_gB9EyHOKpzeng-rOYoikkbW4gxXqKja5i7u2Idej6Phm6tx-Ks_5PIfbvDSsA8\" width=\"15\" height=\"15\"> Instagram : <a href=\"https:\/\/www.instagram.com\/alternatiba.nantes\/\">alternatiba.nantes<\/a><\/p>\n\n\n\n<p>&nbsp;&nbsp;&nbsp; <img loading=\"lazy\" decoding=\"async\" src=\"https:\/\/lh5.googleusercontent.com\/rMszr8b6KOzAHTxDW7Gpa6r2K7eCMLZ_OXfy2J0rRk-x26rN4v0Q0Ie9TQe88wlbKIIEIelgDxSmgqJY6YXhSSGGCnQTvx6KyJ1k7SPo2gsgM5RXU22dJSGjhoIPsbRrA-ZwxIrIwAo\" width=\"15\" height=\"12\"> Twitter : <a href=\"https:\/\/twitter.com\/alternantiba\">alternantiba<\/a><\/p>\n\n\n\n<p>&nbsp;&nbsp;&nbsp; Mastodon : <a href=\"https:\/\/mastodon.tedomum.net\/@alternantiba\">@alternantiba<\/a><\/p>\n\n\n\n<p class=\"has-text-color\" style=\"color:#f7941e\"><strong>GIGNV :&nbsp;<\/strong><\/p>\n\n\n\n<p>&nbsp;&nbsp;&nbsp; \u2709\ufe0f  Mail : gignv@riseup.net<\/p>\n\n\n\n<p>&nbsp;&nbsp;&nbsp; \ud83c\udf10 Site : <a href=\"https:\/\/nantes.alternatiba.eu\/gignv\/\">nantes.alternatiba.eu\/gignv\/<\/a><\/p>\n\n\n\n<p>&nbsp;&nbsp;&nbsp; <img loading=\"lazy\" decoding=\"async\" src=\"https:\/\/lh6.googleusercontent.com\/uM6TDqbo6RmFFV2PoOtjuKYkYXcisBR3cwXor1Gdza_AgRtlKwQt9R2pVjTuELzEwWds3-HgZJTNVLckHAKXg4Iloa6fdbrR-9_OphDtpyZ3ZDN6Sch5lyh0sGcMlVapRCV-DOSq-1Q\" width=\"15\" height=\"15\"> Facebook : <a href=\"https:\/\/www.facebook.com\/GIGNV\">GIGNV<\/a><\/p>\n\n\n\n<p>&nbsp;&nbsp;&nbsp; <img loading=\"lazy\" decoding=\"async\" src=\"https:\/\/lh5.googleusercontent.com\/rMszr8b6KOzAHTxDW7Gpa6r2K7eCMLZ_OXfy2J0rRk-x26rN4v0Q0Ie9TQe88wlbKIIEIelgDxSmgqJY6YXhSSGGCnQTvx6KyJ1k7SPo2gsgM5RXU22dJSGjhoIPsbRrA-ZwxIrIwAo\" width=\"15\" height=\"12\"> Twitter : <a href=\"https:\/\/twitter.com\/gignv44\/\">gignv44<\/a><\/p>\n<\/div>\n\n\n\n<div class=\"wp-block-column is-layout-flow wp-block-column-is-layout-flow\">\n<h2 class=\"wp-block-heading has-text-color\" style=\"color:#00804d\">\ud83c\udfe2 Les commissions transverses<\/h2>\n\n\n\n<h3 class=\"wp-block-heading has-text-color\" style=\"color:#f7941e\">\ud83d\udce2 Communication&nbsp;<\/h3>\n\n\n\n<p><a href=\"https:\/\/drive.google.com\/drive\/folders\/1hSO59px9Syu0dt7AlnSyKJz1rssLG4EA\" target=\"_blank\" rel=\"noreferrer noopener\">Dossier partag\u00e9<\/a> \u00e0 Nantes avec ressources graphiques comme les logos, planning com, fichier presse\u2026 (acc\u00e8s limit\u00e9 \u00e0 certains fichiers, demander \u00e0 quelqu&rsquo;un de la com&rsquo;)<\/p>\n\n\n\n<p><a rel=\"noreferrer noopener\" href=\"https:\/\/drive.google.com\/drive\/folders\/1ja-_dC0WCvajtKeK-WFdLePRNdU7C2Wh\" target=\"_blank\">Dossier partag\u00e9<\/a> \u00e0 tout le r\u00e9seau (ressources graphiques, tutos, visuels de campagnes\u2026)<\/p>\n\n\n\n<p><img loading=\"lazy\" decoding=\"async\" src=\"https:\/\/lh4.googleusercontent.com\/7s8ORGtW_7rnK-EQcGb3RUtcCOxVz0j70Ybm4Mw8wGOBP05HettcJIpNjvm-tZ56sxIXSUF_y0E7R0wDbhiPffBvJIVq_nFqBeWGVQ5u6ZfirtqnCLn4gdMg9flEI4s4FIx4YrQNX6Y\" width=\"15\" height=\"15\"> <a href=\"https:\/\/t.me\/+Gkh5nMQWMHclkUTn\">Boucle T\u00e9l\u00e9gram de la com&rsquo;<\/a><\/p>\n\n\n\n<h3 class=\"wp-block-heading has-text-color\" style=\"color:#f7941e\">\ud83e\udd94 Radieux H\u00e9rissons (Richesses Humaines)<\/h3>\n\n\n\n<p>\u2709\ufe0f Rejoindre le groupe : contacter <a href=\"https:\/\/t.me\/thomasalternatiba\">Thomas<\/a><\/p>\n\n\n\n<ul>\n<li><img loading=\"lazy\" decoding=\"async\" width=\"15\" height=\"15\" src=\"https:\/\/lh4.googleusercontent.com\/7s8ORGtW_7rnK-EQcGb3RUtcCOxVz0j70Ybm4Mw8wGOBP05HettcJIpNjvm-tZ56sxIXSUF_y0E7R0wDbhiPffBvJIVq_nFqBeWGVQ5u6ZfirtqnCLn4gdMg9flEI4s4FIx4YrQNX6Y\"> <a href=\"https:\/\/t.me\/+i0F8UN8lPAQ0MDY8\">Boucle T\u00e9l\u00e9gram <\/a>des Radieux H\u00e9rissons<\/li>\n<\/ul>\n\n\n\n<h3 class=\"wp-block-heading has-luminous-vivid-orange-color has-text-color has-link-color wp-elements-7a24c3599a2a509349cd02c4cd05c2da\">\ud83d\udc2d Souris Intelligentes (Support Informatique)<\/h3>\n\n\n\n<p>\u2709\ufe0f Rejoindre le groupe : contacter Olivier<\/p>\n\n\n\n<p><img loading=\"lazy\" decoding=\"async\" width=\"15\" height=\"15\" src=\"https:\/\/lh4.googleusercontent.com\/7s8ORGtW_7rnK-EQcGb3RUtcCOxVz0j70Ybm4Mw8wGOBP05HettcJIpNjvm-tZ56sxIXSUF_y0E7R0wDbhiPffBvJIVq_nFqBeWGVQ5u6ZfirtqnCLn4gdMg9flEI4s4FIx4YrQNX6Y\"> <a href=\"https:\/\/t.me\/+8bZiBcTaTWM3MzBk\">Boucle T\u00e9l\u00e9gram <\/a>des Souris Intelligentes<\/p>\n\n\n\n<h3 class=\"wp-block-heading has-text-color\" style=\"color:#f7941e\">\ud83d\udcb8 Finances<\/h3>\n\n\n\n<p><strong>Processus de remboursement de frais :<\/strong>&nbsp;&nbsp;<\/p>\n\n\n\n<ul>\n<li>Compl\u00e9ter une note de frais (<a href=\"https:\/\/docs.google.com\/spreadsheets\/d\/1rONilmRhxOaEoyNYSDwdvwx2scn9XqPqeRXA2RS7R6c\/edit\">mod\u00e8le<\/a> \u00e0 dupliquer)<\/li>\n\n\n\n<li>Scanner les justificatifs de paiement (<strong>une facture ou un ticket de caisse<\/strong>) en format pdf<\/li>\n\n\n\n<li>Ajouter un RIB si c\u2019est votre 1re fois. Les remboursements se font uniquement par virement bancaire, pas en esp\u00e8ces.<\/li>\n\n\n\n<li>Envoyer le tout \u00e0 H\u00e9l\u00e8ne \u00e0 son adresse tousfans[at]yahoo.fr + en copie remi.donaint[at]gmail.com<\/li>\n\n\n\n<li>NB : Toute demande de d\u00e9pense sortant des budgets valid\u00e9s par GT devra \u00eatre valid\u00e9e en coordination mensuelle<\/li>\n<\/ul>\n\n\n\n<p>Si besoin d&rsquo;un fonds de caisse pour un \u00e9v\u00e9nement, contacter H\u00e9l\u00e8ne et R\u00e9mi au moins 2 semaines avant.<\/p>\n\n\n\n<h3 class=\"wp-block-heading has-text-color\" style=\"color:#f7941e\">\ud83c\udfa4 Represent (RPZ)<\/h3>\n\n\n\n<p>Groupe qui a le mandat de d\u00e9cider en urgence de&nbsp;la repr\u00e9sentation d&rsquo;Alternatiba Nantes envers les autres organisations, mobilisations, &#8230;<\/p>\n\n\n\n<p><a href=\"https:\/\/lite.framacalc.org\/9k4g-suivi-rpz-altgignv\">Tableau<\/a> des d\u00e9cisions prises par RPZ<br><br><\/p>\n\n\n\n<h2 class=\"wp-block-heading has-text-color\" style=\"color:#00804d\">\ud83c\udf0d Mouvement global Alternatiba &amp; ANV-COP21<\/h2>\n\n\n\n<p>\ud83e\uddf0 <a rel=\"noreferrer noopener\" href=\"https:\/\/outils.alternatiba.eu\/\" target=\"_blank\">La caisse \u00e0 outils globale<\/a><br>\ud83c\udf10 le site <a rel=\"noreferrer noopener\" href=\"https:\/\/alternatiba.eu\/\" target=\"_blank\">alternatiba.eu<\/a> <br>\ud83c\udf10 le site <a rel=\"noreferrer noopener\" href=\"https:\/\/anv-cop21.org\/\" target=\"_blank\">anv-cop21.org<\/a><br><\/p>\n\n\n\n<p><img loading=\"lazy\" decoding=\"async\" src=\"https:\/\/lh4.googleusercontent.com\/7s8ORGtW_7rnK-EQcGb3RUtcCOxVz0j70Ybm4Mw8wGOBP05HettcJIpNjvm-tZ56sxIXSUF_y0E7R0wDbhiPffBvJIVq_nFqBeWGVQ5u6ZfirtqnCLn4gdMg9flEI4s4FIx4YrQNX6Y\" width=\"15\" height=\"15\"> Le <a rel=\"noreferrer noopener\" href=\"https:\/\/t.me\/AlternatibaANVCOP21\" target=\"_blank\">canal Telegram du mouvement<\/a>, pour recevoir juste les grosses actus<\/p>\n\n\n\n<p><img loading=\"lazy\" decoding=\"async\" src=\"https:\/\/lh4.googleusercontent.com\/7s8ORGtW_7rnK-EQcGb3RUtcCOxVz0j70Ybm4Mw8wGOBP05HettcJIpNjvm-tZ56sxIXSUF_y0E7R0wDbhiPffBvJIVq_nFqBeWGVQ5u6ZfirtqnCLn4gdMg9flEI4s4FIx4YrQNX6Y\" width=\"15\" height=\"15\"> Le fil <a rel=\"noreferrer noopener\" href=\"https:\/\/t.me\/+Jp8lftLG_tVkODlk\" target=\"_blank\">Actions &amp; mobilisations locales Alternatiba\u00b7ANV-COP21<\/a> pour voir les actus inspirantes des autres groupes du r\u00e9seau <br><\/p>\n\n\n\n<h2 class=\"wp-block-heading has-text-color\" style=\"color:#00804d\">\ud83d\udcbb Outils num\u00e9riques<\/h2>\n\n\n\n<p>\u2601\ufe0f <strong><a href=\"https:\/\/auth.labasenantes.org\/auth\/realms\/LaBaseNantes\/protocol\/saml?SAMLRequest=nZLNbtswEITvfoqAd5uS8iOHsA04cdoacG0jdnvIJViTq4QARapcsm3evjTVNG3Q5lDeNMv5MDvUhKA1nZjH8Ghv8UtECoOTdL63xpLIwymL3goHpElYaJFEkGI3%2F7gS1agQnXfBSWfYK9vbLiBCH7SzvW25mLLN%2Bma1eb9c348PsjlV8rKuq0vEojivzsflGShVVtUBa9U0WF80OO6tn9FT4kxZwrJBTyOKuLQUwIakF1U1LMphcbEva1FU4qy4662LtKy2ELL9MYSOBOeQmhgZOAChTX6kkfMPWeUewbTEV3CVhus85M%2Fr8%2BPOPXb7U7rSVmn78HYRh%2F4SiQ%2F7%2FXa43ez2PWT%2BXNC1sxRb9Dv0X7XET7erl6zSuKj%2BErbriMfkvz%2BGysk4SGKzTJ4cv0XuyM%2F%2Bg9RiAAUBJvx30Au6E%2Bu05XKxdUbLp6wfzzvnWwj%2FLqMclVnRatjkqyJa6lDqRqNivzBzY9y36%2FQSAacs%2BIjshM8GfZY%2Ff%2BPZDw%3D%3D&amp;RelayState=http%3A%2F%2Fcloud.labasenantes.org%2Fapps%2Fuser_saml%2Fsaml%2Flogin&amp;SigAlg=http%3A%2F%2Fwww.w3.org%2F2001%2F04%2Fxmldsig-more%23rsa-sha256&amp;Signature=aRMSrkGmjqvQxIZ4HzJV53Y7QTq%2FXfhS38PUJRc4uccX9MVOwnN9zbyJceF7UtT3wCer4WA7Q5ZgPn2FPNbBvAwVaOQQkj6BRsw967YObOhLcJKQhE6vrlnhaogQJeNFbmNE6NYWiKgSW7xwXu62%2BhdIpISzdxMd3Lmwt6knCCvCD3DrJYAtgahvzN%2FHhEfdMqz2kWrkcGednnq0OA61VQiO4pgysYk7KG0PyVNMTRwAP25Mx9g08U%2BzWvd4o692O3VeQBGLd0R%2F5HMDqXvZVBEdgNHvf1qsclRCpYnbwsQAe5oXofqphxklOSvO0ft%2FhpVVxH2LPB3AsNeM6EKUKg%3D%3D\">Le Cloud<\/a><\/strong> pour retrouver beaucoup de nos ressources<\/p>\n\n\n\n<p>\ud83d\udfe2 <strong><a href=\"https:\/\/alternatiba.eu\/nantes-oca\/\">OCA<\/a><\/strong> pour retrouver les infos sur les prochaines r\u00e9unions du groupe, son organisation<\/p>\n\n\n\n<p><img loading=\"lazy\" decoding=\"async\" width=\"17\" height=\"15\" src=\"https:\/\/lh4.googleusercontent.com\/gz29NxNobDJiZDz6LjyuG7zODyWmdict9mqiISvreHqkmEGPmSK4RZK01yVtGqOElnv4eCeJ2UuaHHCnGv23v6FxEXXCJxfiYf9-Hj7U3wVcyEQGq4sSFx3uxMzciw8of8PXkclvtDI\"> <a href=\"http:\/\/chat.alternatiba.eu\/\">MatterMost<\/a> (outil commun au mouvement global Alternatiba &amp; ANV-COP21)&nbsp;<\/p>\n\n\n\n<p><img loading=\"lazy\" decoding=\"async\" src=\"https:\/\/lh4.googleusercontent.com\/7s8ORGtW_7rnK-EQcGb3RUtcCOxVz0j70Ybm4Mw8wGOBP05HettcJIpNjvm-tZ56sxIXSUF_y0E7R0wDbhiPffBvJIVq_nFqBeWGVQ5u6ZfirtqnCLn4gdMg9flEI4s4FIx4YrQNX6Y\" width=\"15\" height=\"15\"> <strong>Telegram<\/strong> :<br><a href=\"https:\/\/t.me\/+cfYj6o8G-ehkNDU0\">Fil<\/a> pour les membres actif\u22c5ves d&rsquo;Alternatiba Nantes et du GIGNV<\/p>\n\n\n\n<p>\ud83d\udce2  <strong>Framavox<\/strong> pour \u00e9changer et prendre des d\u00e9cisions <a href=\"https:\/\/framavox.org\/alternatiba-nantes-gignv\">alternatiba-nantes-gignv<\/a><\/p>\n\n\n\n<p>\u2709\ufe0f <strong>Listes mails <\/strong>:<\/p>\n\n\n\n<ul>\n<li>Il existe une liste info pour Alternatiba Nantes et une pour le GIGNV, sur lesquelles sont envoy\u00e9es les newsletters (environ 8 \u00e0 10 par an)<\/li>\n<\/ul>\n\n\n\n<ul>\n<li>Liste des Membres actif\u22c5ves Alternatiba Nantes et GIGNV (cette liste est incluse dans la liste info) : nantes.alternatiba.membres@lists.riseup.net<\/li>\n<\/ul>\n\n\n\n<ul>\n<li>Liste Noyau Alternatiba Nantes et GIGNV (cette liste est incluse dans la liste Membres) : nantes.alternatiba.noyau@lists.riseup.net<\/li>\n<\/ul>\n\n\n\n<ul>\n<li>Il existe une liste de diffusion Action GIGNV pour les personnes form\u00e9es en ANV, pour leur envoyer les propositions d&rsquo;action<\/li>\n<\/ul>\n\n\n\n<p>Pour s&rsquo;inscrire \u00e0 une liste mail : {nom.de.la.liste}-subscribe@lists.riseup.net<\/p>\n\n\n\n<p>Pour se d\u00e9sinscrire d&rsquo;une liste mail : {nom.de.la.liste}-unsubscribe@lists.riseup.net<br><br><\/p>\n<\/div>\n<\/div>\n\n\n\n<p><\/p>\n","protected":false},"excerpt":{"rendered":"<p>\ud83d\udc63 Premiers pas&#8230; Pour aider les nouvelleaux \u00e0 s&rsquo;y retrouver&nbsp; \ud83d\udc6a Les groupes\u00a0 Voir la liste des groupes d\u00e9taill\u00e9e. D\u00e9part du Tour Alternatiba \u2709\ufe0f Rejoindre le groupe : contacter Antho Fil Telegram D\u00e9part du Tour La BASE \u2709\ufe0f Rejoindre le groupe : contacter H\u00e9lo\u00efse \ud83c\udf10 labasenantes.org Fil Telegram \u00ab\u00a0BASE x MdP\u00a0\u00bb Fil Telegram \u00ab\u00a0BASE des digressions\u00a0\u00bb Livre Blanc pour le Climat \u2709\ufe0f Rejoindre le groupe : contacter Colin \ud83c\udf10 nantes.alternatiba.eu\/actions-et-actus\/livre-blanc-climat-nantes\/\ud83d\udcd6 LE livre\ud83e\udde9 Interconnexions et Climat Transiscope en Pays Nantais \u2709\ufe0f Rejoindre le groupe : contacter Sophie Nous rejoindre sur SIGNAL \u2709\ufe0f transiscope.nantes@protonmail.com\ud83c\udf10 nantes.alternatiba.eu\/transiscope-pays-nantais\/\ud83c\udf0d le projet nantes.transiscope.org\ud83e\udde9 Interconnexions et Climat Groupe Aviation (A bas les Navions !) \u2709\ufe0f Rejoindre le groupe : contacter R\u00e9mi ou Arthur Groupe FerNantes \u2709\ufe0f Rejoindre le groupe : contacter Benji GIGNV \u2709\ufe0f Rejoindre le groupe : contacter R\u00e9mi Stop Total 44 \u2709\ufe0f Rejoindre le groupe : contacter Sophie \ud83e\uddee Logistique \ud83d\udcda Mat\u00e9riel \ud83e\uddfe Tableau du stock de mat\u00e9riel\/stand Alternatiba Nantes et GIGNV Pour r\u00e9cup\u00e9rer le mat\u00e9riel au local d&rsquo;Attac (4 place de la manu), contacter Benjamin \u00e0 l&rsquo;avance au 0750863950 \ud83c\udfd8\ufe0f Salles de r\u00e9union Contact Alternatiba Nantes : &nbsp;&nbsp;&nbsp; \u2709\ufe0f Mail : nantes@alternatiba.eu &nbsp;&nbsp;&nbsp; \ud83c\udf10 Site : https:\/\/nantes.alternatiba.eu\/ &nbsp;&nbsp;&nbsp; Facebook : alternatibanantes &nbsp;&nbsp;&nbsp; Instagram : alternatiba.nantes &nbsp;&nbsp;&nbsp; Twitter : alternantiba &nbsp;&nbsp;&nbsp; Mastodon : @alternantiba GIGNV :&nbsp; &nbsp;&nbsp;&nbsp; \u2709\ufe0f Mail : gignv@riseup.net &nbsp;&nbsp;&nbsp; \ud83c\udf10 Site : nantes.alternatiba.eu\/gignv\/ &nbsp;&nbsp;&nbsp; Facebook : GIGNV &nbsp;&nbsp;&nbsp; Twitter : gignv44 \ud83c\udfe2 Les commissions transverses \ud83d\udce2 Communication&nbsp; Dossier partag\u00e9 \u00e0 Nantes avec ressources graphiques comme les logos, planning com, fichier presse\u2026 (acc\u00e8s limit\u00e9 \u00e0 certains fichiers, demander \u00e0 quelqu&rsquo;un de la com&rsquo;) Dossier partag\u00e9 \u00e0 tout le r\u00e9seau (ressources graphiques, tutos, visuels de campagnes\u2026) Boucle T\u00e9l\u00e9gram de la com&rsquo; \ud83e\udd94 Radieux H\u00e9rissons (Richesses Humaines) \u2709\ufe0f Rejoindre le groupe : contacter Thomas \ud83d\udc2d Souris Intelligentes (Support Informatique) \u2709\ufe0f Rejoindre le groupe : contacter Olivier Boucle T\u00e9l\u00e9gram des Souris Intelligentes \ud83d\udcb8 Finances Processus de remboursement de frais :&nbsp;&nbsp; Si besoin d&rsquo;un fonds de caisse pour un \u00e9v\u00e9nement, contacter H\u00e9l\u00e8ne et R\u00e9mi au moins 2 semaines avant. \ud83c\udfa4 Represent (RPZ) Groupe qui a le mandat de d\u00e9cider en urgence de&nbsp;la repr\u00e9sentation d&rsquo;Alternatiba Nantes envers les autres organisations, mobilisations, &#8230; Tableau des d\u00e9cisions prises par RPZ \ud83c\udf0d Mouvement global Alternatiba &amp; ANV-COP21 \ud83e\uddf0 La caisse \u00e0 outils globale\ud83c\udf10 le site alternatiba.eu \ud83c\udf10 le site anv-cop21.org Le canal Telegram du mouvement, pour recevoir juste les grosses actus Le fil Actions &amp; mobilisations locales Alternatiba\u00b7ANV-COP21 pour voir les actus inspirantes des autres groupes du r\u00e9seau \ud83d\udcbb Outils num\u00e9riques \u2601\ufe0f Le Cloud pour retrouver beaucoup de nos ressources \ud83d\udfe2 OCA pour retrouver les infos sur les prochaines r\u00e9unions du groupe, son organisation MatterMost (outil commun au mouvement global Alternatiba &amp; ANV-COP21)&nbsp; Telegram :Fil pour les membres actif\u22c5ves d&rsquo;Alternatiba Nantes et du GIGNV \ud83d\udce2 Framavox pour \u00e9changer et prendre des d\u00e9cisions alternatiba-nantes-gignv \u2709\ufe0f Listes mails : Pour s&rsquo;inscrire \u00e0 une liste mail : {nom.de.la.liste}-subscribe@lists.riseup.net Pour se d\u00e9sinscrire d&rsquo;une liste mail : {nom.de.la.liste}-unsubscribe@lists.riseup.net<\/p>\n","protected":false},"author":138,"featured_media":0,"parent":0,"menu_order":0,"comment_status":"closed","ping_status":"closed","template":"","meta":{"_bbp_topic_count":0,"_bbp_reply_count":0,"_bbp_total_topic_count":0,"_bbp_total_reply_count":0,"_bbp_voice_count":0,"_bbp_anonymous_reply_count":0,"_bbp_topic_count_hidden":0,"_bbp_reply_count_hidden":0,"_bbp_forum_subforum_count":0,"footnotes":""},"_links":{"self":[{"href":"https:\/\/alternatiba.eu\/nantes-oca\/wp-json\/wp\/v2\/pages\/8966"}],"collection":[{"href":"https:\/\/alternatiba.eu\/nantes-oca\/wp-json\/wp\/v2\/pages"}],"about":[{"href":"https:\/\/alternatiba.eu\/nantes-oca\/wp-json\/wp\/v2\/types\/page"}],"author":[{"embeddable":true,"href":"https:\/\/alternatiba.eu\/nantes-oca\/wp-json\/wp\/v2\/users\/138"}],"replies":[{"embeddable":true,"href":"https:\/\/alternatiba.eu\/nantes-oca\/wp-json\/wp\/v2\/comments?post=8966"}],"version-history":[{"count":35,"href":"https:\/\/alternatiba.eu\/nantes-oca\/wp-json\/wp\/v2\/pages\/8966\/revisions"}],"predecessor-version":[{"id":9517,"href":"https:\/\/alternatiba.eu\/nantes-oca\/wp-json\/wp\/v2\/pages\/8966\/revisions\/9517"}],"wp:attachment":[{"href":"https:\/\/alternatiba.eu\/nantes-oca\/wp-json\/wp\/v2\/media?parent=8966"}],"curies":[{"name":"wp","href":"https:\/\/api.w.org\/{rel}","templated":true}]}}