{"id":8492,"date":"2020-12-09T22:50:45","date_gmt":"2020-12-09T21:50:45","guid":{"rendered":"https:\/\/alternatiba.eu\/nantes-oca\/?page_id=8492"},"modified":"2020-12-09T22:50:46","modified_gmt":"2020-12-09T21:50:46","slug":"je-rejoins-alternatiba-nantes","status":"publish","type":"page","link":"https:\/\/alternatiba.eu\/nantes-oca\/je-rejoins-alternatiba-nantes\/","title":{"rendered":"Je rejoins Alternatiba Nantes"},"content":{"rendered":"\n<div style=\"height:83px\" aria-hidden=\"true\" class=\"wp-block-spacer\"><\/div>\n\n\n\n<div class=\"wp-block-columns is-layout-flex wp-container-core-columns-layout-1 wp-block-columns-is-layout-flex\">\n<div class=\"wp-block-column is-layout-flow wp-block-column-is-layout-flow\" style=\"flex-basis:66.66%\">\n<figure class=\"wp-block-image size-large is-resized\"><img loading=\"lazy\" decoding=\"async\" src=\"https:\/\/alternatiba.eu\/nantes-oca\/wp-content\/uploads\/2020\/12\/90242740_1427082794148445_1729614893813858304_o-1024x683.jpg\" alt=\"\" class=\"wp-image-8496\" width=\"402\" height=\"266\"\/><\/figure>\n\n\n\n<h4 class=\"wp-block-heading\">Rejoins-nous ! Nous avons besoin de toi<\/h4>\n\n\n\n<p>Nous avons besoin de toi &#8211; qui que tu sois ou souhaites \u00eatre, quel que soit le temps dont tu peux disposer &#8211; pour aider \u00e0 construire un mouvement puissant et riche de sa diversit\u00e9. <\/p>\n\n\n\n<p>Ce premier contact te permettra de recevoir 4 mails pr\u00e9sentant notre mouvement, nos m\u00e9thodes et nos groupes de travail. Dans ces mails un formulaire permettant d&rsquo;en savoir plus sur toi te sera propos\u00e9. Il nous permettra de te recontacter et de discuter un peu ensemble pour qu&rsquo;on puisse t&rsquo;accompagner vers le groupe de travail qui te plait le plus \ud83d\ude42<\/p>\n<\/div>\n\n\n\n<div class=\"wp-block-column is-layout-flow wp-block-column-is-layout-flow\" style=\"flex-basis:33.33%\">  \n  \n  <div class=\"\n    mailpoet_form_popup_overlay\n      \"><\/div>\n  <div\n    id=\"mailpoet_form_3\"\n    class=\"\n      mailpoet_form\n      mailpoet_form_shortcode\n      mailpoet_form_position_\n      mailpoet_form_animation_\n    \"\n      >\n    \n    <style type=\"text\/css\">\n     #mailpoet_form_3 .mailpoet_form { border-radius: 10px; border-width: 1px; border-color: #c0c0c0; border-style: solid; padding: 35px; }\n#mailpoet_form_3 .mailpoet_paragraph { line-height: 20px; font-size: 16px; }\n#mailpoet_form_3 .mailpoet_segment_label, #mailpoet_form_3 .mailpoet_text_label, #mailpoet_form_3 .mailpoet_textarea_label, #mailpoet_form_3 .mailpoet_select_label, #mailpoet_form_3 .mailpoet_radio_label, #mailpoet_form_3 .mailpoet_checkbox_label, #mailpoet_form_3 .mailpoet_list_label, #mailpoet_form_3 .mailpoet_date_label { display: block; font-weight: bold; }\n#mailpoet_form_3 .mailpoet_text, #mailpoet_form_3 .mailpoet_textarea, #mailpoet_form_3 .mailpoet_select, #mailpoet_form_3 .mailpoet_date_month, #mailpoet_form_3 .mailpoet_date_day, #mailpoet_form_3 .mailpoet_date_year, #mailpoet_form_3 .mailpoet_date { display: block; }\n#mailpoet_form_3 .mailpoet_text, #mailpoet_form_3 .mailpoet_textarea { width: 200px; }\n#mailpoet_form_3 .mailpoet_checkbox {  }\n#mailpoet_form_3 .mailpoet_submit input {  }\n#mailpoet_form_3 .mailpoet_divider {  }\n#mailpoet_form_3 .mailpoet_message {  }\n#mailpoet_form_3 .mailpoet_validate_success { font-weight: 600; color: #468847; }\n#mailpoet_form_3 .mailpoet_validate_error { color: #b94a48; }\n#mailpoet_form_3 .mailpoet_form_loading { width: 30px; text-align: center; line-height: normal; }\n#mailpoet_form_3 .mailpoet_form_loading > span { width: 5px; height: 5px; background-color: #5b5b5b; }#mailpoet_form_3{;}#mailpoet_form_3 .mailpoet_message {margin: 0; padding: 0 20px;}#mailpoet_form_3 .mailpoet_paragraph.last {margin-bottom: 0} @media (max-width: 500px) {#mailpoet_form_3 {background-image: none;}} @media (min-width: 500px) {#mailpoet_form_3 .last .mailpoet_paragraph:last-child {margin-bottom: 0}}  @media (max-width: 500px) {#mailpoet_form_3 .mailpoet_form_column:last-child .mailpoet_paragraph:last-child {margin-bottom: 0}} \n    <\/style>\n\n    <form\n      target=\"_self\"\n      method=\"post\"\n      action=\"https:\/\/alternatiba.eu\/nantes-oca\/wp-admin\/admin-post.php?action=mailpoet_subscription_form\"\n      class=\"mailpoet_form mailpoet_form_form mailpoet_form_shortcode\"\n      novalidate\n      data-delay=\"\"\n      data-exit-intent-enabled=\"\"\n      data-font-family=\"\"\n      data-cookie-expiration-time=\"\"\n    >\n      <input type=\"hidden\" name=\"data[form_id]\" value=\"3\" \/>\n      <input type=\"hidden\" name=\"token\" value=\"163679f3a5\" \/>\n      <input type=\"hidden\" name=\"api_version\" value=\"v1\" \/>\n      <input type=\"hidden\" name=\"endpoint\" value=\"subscribers\" \/>\n      <input type=\"hidden\" name=\"mailpoet_method\" value=\"subscribe\" \/>\n\n      <label class=\"mailpoet_hp_email_label\" style=\"display: none !important;\">Veuillez laisser ce champ vide<input type=\"email\" name=\"data[email]\"\/><\/label><div class=\"mailpoet_paragraph\" ><h2>Rejoins Alternatiba Nantes ! <\/h2><\/div>\n<div class=\"mailpoet_paragraph\" >Ce formulaire est destin\u00e9 aux personnes souhaitant <b>agir<\/b> avec Alternatiba Nantes. <br \/>\n<\/div>\n<div class=\"mailpoet_paragraph\"><label for=\"form_first_name_3\" class=\"mailpoet_text_label\" data-automation-id=\"form_first_name_label\" >Pr\u00e9nom <span class=\"mailpoet_required\">*<\/span><\/label><input type=\"text\" autocomplete=\"given-name\" class=\"mailpoet_text\" id=\"form_first_name_3\" name=\"data[form_field_ZGNlOWRiOTRkZDYyX2ZpcnN0X25hbWU=]\" title=\"Pr\u00e9nom\" value=\"\" data-automation-id=\"form_first_name\" data-parsley-names='[&quot;Veuillez sp\\u00e9cifier un nom valide.&quot;,&quot;Les adresses dans les noms ne sont pas autoris\\u00e9es, veuillez ajouter votre nom \\u00e0 la place.&quot;]' data-parsley-required=\"true\" data-parsley-errors-container=\".mailpoet_error_first_name_\" data-parsley-required-message=\"Ce champ est n\u00e9cessaire.\"\/><\/div>\n<div class=\"mailpoet_paragraph\"><label for=\"form_email_3\" class=\"mailpoet_text_label\" data-automation-id=\"form_email_label\" >E-mail <span class=\"mailpoet_required\">*<\/span><\/label><input type=\"email\" autocomplete=\"email\" class=\"mailpoet_text\" id=\"form_email_3\" name=\"data[form_field_Y2NmNWJlM2IxMWEyX2VtYWls]\" title=\"E-mail\" value=\"\" data-automation-id=\"form_email\" data-parsley-required=\"true\" data-parsley-minlength=\"6\" data-parsley-maxlength=\"150\" data-parsley-type-message=\"Cette valeur doit \u00eatre un e-mail valide.\" data-parsley-errors-container=\".mailpoet_error_email_\" data-parsley-required-message=\"Ce champ est n\u00e9cessaire.\"\/><\/div>\n<div class=\"mailpoet_paragraph\"><label for=\"form_1_3\" class=\"mailpoet_text_label\" >T\u00e9l\u00e9phone<\/label><input type=\"text\" autocomplete=\"on\" class=\"mailpoet_text\" id=\"form_1_3\" name=\"data[cf_1]\" title=\"T\u00e9l\u00e9phone\" value=\"\"  data-parsley-pattern=\"^[\\d\\+\\-\\.\\(\\)\\\/\\s]*$\" data-parsley-error-message=\"Veuillez sp\u00e9cifier un num\u00e9ro de t\u00e9l\u00e9phone valide.\"\/><\/div>\n<div class=\"mailpoet_paragraph\" >En cliquant sur \"Envoyer\" j'accepte d'\u00eatre recontact\u00e9 par Alternatiba Nantes<\/div>\n<div class=\"mailpoet_paragraph\"><input type=\"submit\" class=\"mailpoet_submit\" value=\"Envoyer\" data-automation-id=\"subscribe-submit-button\" style=\"border-color:transparent;\" \/><span class=\"mailpoet_form_loading\"><span class=\"mailpoet_bounce1\"><\/span><span class=\"mailpoet_bounce2\"><\/span><span class=\"mailpoet_bounce3\"><\/span><\/span><\/div>\n\n      <div class=\"mailpoet_message\">\n        <p class=\"mailpoet_validate_success\"\n                style=\"display:none;\"\n                >Tu vas recevoir un mail d&#039;inscription automatique \u00e0 notre newsletter, tu n&#039;y seras inscrit que si tu y r\u00e9pond ou que tu cliques sur le lien de confirmation !\n        <\/p>\n        <p class=\"mailpoet_validate_error\"\n                style=\"display:none;\"\n                >        <\/p>\n      <\/div>\n    <\/form>\n  <\/div>\n\n  \n<\/div>\n<\/div>\n\n\n\n<div style=\"height:55px\" aria-hidden=\"true\" class=\"wp-block-spacer\"><\/div>\n\n\n\n<div class=\"wp-block-columns has-3-columns is-layout-flex wp-container-core-columns-layout-2 wp-block-columns-is-layout-flex\">\n<div class=\"wp-block-column is-layout-flow wp-block-column-is-layout-flow\"><\/div>\n\n\n\n<div class=\"wp-block-column is-layout-flow wp-block-column-is-layout-flow\"><\/div>\n\n\n\n<div class=\"wp-block-column is-layout-flow wp-block-column-is-layout-flow\"><\/div>\n<\/div>\n\n\n\n<div style=\"height:285px\" aria-hidden=\"true\" class=\"wp-block-spacer\"><\/div>\n","protected":false},"excerpt":{"rendered":"<p>Rejoins-nous ! Nous avons besoin de toi Nous avons besoin de toi &#8211; qui que tu sois ou souhaites \u00eatre, quel que soit le temps dont tu peux disposer &#8211; pour aider \u00e0 construire un mouvement puissant et riche de sa diversit\u00e9. Ce premier contact te permettra de recevoir 4 mails pr\u00e9sentant notre mouvement, nos m\u00e9thodes et nos groupes de travail. Dans ces mails un formulaire permettant d&rsquo;en savoir plus sur toi te sera propos\u00e9. Il nous permettra de te recontacter et de discuter un peu ensemble pour qu&rsquo;on puisse t&rsquo;accompagner vers le groupe de travail qui te plait le plus \ud83d\ude42<\/p>\n","protected":false},"author":1,"featured_media":0,"parent":0,"menu_order":0,"comment_status":"closed","ping_status":"closed","template":"","meta":{"_bbp_topic_count":0,"_bbp_reply_count":0,"_bbp_total_topic_count":0,"_bbp_total_reply_count":0,"_bbp_voice_count":0,"_bbp_anonymous_reply_count":0,"_bbp_topic_count_hidden":0,"_bbp_reply_count_hidden":0,"_bbp_forum_subforum_count":0,"footnotes":""},"_links":{"self":[{"href":"https:\/\/alternatiba.eu\/nantes-oca\/wp-json\/wp\/v2\/pages\/8492"}],"collection":[{"href":"https:\/\/alternatiba.eu\/nantes-oca\/wp-json\/wp\/v2\/pages"}],"about":[{"href":"https:\/\/alternatiba.eu\/nantes-oca\/wp-json\/wp\/v2\/types\/page"}],"author":[{"embeddable":true,"href":"https:\/\/alternatiba.eu\/nantes-oca\/wp-json\/wp\/v2\/users\/1"}],"replies":[{"embeddable":true,"href":"https:\/\/alternatiba.eu\/nantes-oca\/wp-json\/wp\/v2\/comments?post=8492"}],"version-history":[{"count":7,"href":"https:\/\/alternatiba.eu\/nantes-oca\/wp-json\/wp\/v2\/pages\/8492\/revisions"}],"predecessor-version":[{"id":8500,"href":"https:\/\/alternatiba.eu\/nantes-oca\/wp-json\/wp\/v2\/pages\/8492\/revisions\/8500"}],"wp:attachment":[{"href":"https:\/\/alternatiba.eu\/nantes-oca\/wp-json\/wp\/v2\/media?parent=8492"}],"curies":[{"name":"wp","href":"https:\/\/api.w.org\/{rel}","templated":true}]}}