{"id":8123,"date":"2020-01-24T15:44:10","date_gmt":"2020-01-24T14:44:10","guid":{"rendered":"https:\/\/alternatiba.eu\/nantes-oca\/?page_id=8123"},"modified":"2021-01-11T21:30:09","modified_gmt":"2021-01-11T20:30:09","slug":"presentation-des-groupes-de-travail","status":"publish","type":"page","link":"https:\/\/alternatiba.eu\/nantes-oca\/presentation-des-groupes-de-travail\/","title":{"rendered":"Pr\u00e9sentation des groupes de travail"},"content":{"rendered":"\n<p>De l&rsquo;animation d&rsquo;une \u00e9mission radio au plaidoyer citoyens, du pitch des alternatives locales jusqu&rsquo;\u00e0 l&rsquo;organisation de projection de films, de la cartographie des alternatives \u00e0 la d\u00e9sob\u00e9issance civile : tu trouveras forc\u00e9ment un groupe qui va te plaire !<\/p>\n\n\n\n<p>Voici la description des tous les groupes, l&rsquo;\u00e9tape suivante pour toi \u00e9tant de demander \u00e0 rejoindre ces groupes <a href=\"https:\/\/alternatiba.eu\/nantes-oca\/groupes\/\">dans la page \u00ab\u00a0Groupes\u00a0\u00bb<\/a> si ils te tentent :).<\/p>\n\n\n\n<hr class=\"wp-block-separator\"\/>\n\n\n\n\t\t\n\n\t\t\n\t\t<div id=\"ghostpool_post_wrapper_1\" class=\"gp-blog-wrapper spacing-normal\">\n\t\t\n\t\t\t\t\n\t\t\t\t\n\t\t\t\t\t<section class=\"post-loop post-8109 post type-post status-publish format-standard has-post-thumbnail category-les-groupes-de-travail\" itemscope itemtype=\"http:\/\/schema.org\/Blog\">\n\n\t\t\t\t\t\t\t\n\t\t\t\t\t\t\t\n\t\t\t\t\t\t\t<div class=\"post-thumbnail wrap\">\n\t\t\t\t\n\t\t\t\t\t\t\t\t\t\t\t\t\t\t\t\t\t<a href=\"https:\/\/alternatiba.eu\/nantes-oca\/plus-chaud-que-le-climat\/\">\n\t\t\t\t\t\t\t\t\n\t\t\t\t\t\t\t\t\t\t\t\t\t\t\t\t\t\t\t\t\t\t\t\t\t\t\t<img loading=\"lazy\" decoding=\"async\" src=\"https:\/\/alternatiba.eu\/nantes-oca\/wp-content\/uploads\/2020\/01\/PLQLC-1-450x200.png\" data-rel=\"https:\/\/alternatiba.eu\/nantes-oca\/wp-content\/uploads\/2020\/01\/PLQLC-1-900x400.png\" width=\"450\" height=\"200\" alt=\"Plus chaud que le climat\" class=\"gp-post-image\" itemprop=\"image\" \/>\n\t\t\t\t\t\t\n\t\t\t\t\t\t\t\t<\/a>\t\t\t\t\t\t\n\t\t\t\t\t\t\t<\/div>\t\t\t\t\t\n\t\t\t\t\t\t\t\t\t\n\t\t\t\t\t\t\t\t\t\t\t\n\t\t\t\t\t\t\t\t\n\t\t\t\t\t\t\n\t\t\t\t\t\t<div class=\"post-text\">\n\n\t\t\t\t\t\t\t<h2 style=\"\" itemprop=\"headline\"><a href=\"https:\/\/alternatiba.eu\/nantes-oca\/plus-chaud-que-le-climat\/\" title=\"Plus chaud que le climat\">Plus chaud que le climat<\/a><\/h2>\n\t\t\t\t\t\t\t\t\t\t\t\t\t\n\t\t\t\t\t\t\t\t<div class=\"gp-loop-meta\">\n\t\t\t\t\n\t\t\t\t\t\t\t\t\t\n\t\t\t\t\t\t\t\t\t\t\t\t\t\t\n\t\t\t\t\t\t\t\t\t\t\t\t\t\t\t\t\t\t\t<span class=\"gp-post-meta gp-meta-cats\"><a href=\"https:\/\/alternatiba.eu\/nantes-oca\/category\/les-groupes-de-travail\/\" rel=\"category tag\">Les Groupes de Travail<\/a><\/span>\n\t\t\t\t\t\t\t\t\t\t\t\t\t\n\t\t\t\t\t\t\t\t\t\t\t\t\t\t\t\t\t\t\t<span class=\"gp-post-meta gp-meta-comments\"><a href=\"https:\/\/alternatiba.eu\/nantes-oca\/plus-chaud-que-le-climat\/#respond\" class=\"comments-link\" >0<\/a><\/span>\n\t\t\t\t\t\t\t\t\t\t\t\t\t\n\t\t\t\t\t\t\t\t<\/div>\n\t\t\t\t\t\n\t\t\t\t\t\t\t\n\t\t\t\t\t\t\t\t\t\t\t\t\t\n\t\t\t\t\t\t\t\t<p>\ud83e\udd37\u200d\u2640 Que fait-on ? Une chronique radio de 15 minutes tous les 2\u00e8me jeudis de chaque mois sur la th\u00e9matique du d\u00e9fi climatique avec des portraits de 5 minutes \u201cle Climat, et moi, et moi\u201d en mode Interview. Nos derni\u00e8res chroniques : Les banques et le climat \/ Agir pour le climat sur les territoires \/ Stop \u00e0 la conso \/ Gilets Jaunes et climat&#8230; \ud83d\udc49 Comment en savoir plus ? https:\/\/frama.link\/pluschaud + Un fil t\u00e9l\u00e9gram est \u00e0 rejoindre, demandez-nous ! \ud83d\udcaa Que faire avec nous ? Faire des recherches, enqu\u00eater, r\u00e9diger Aller \u00e0 la rencontre des acteurs et les interviewer Enregistrer l\u2019\u00e9mission R\u00e9ali... <a href=\"https:\/\/alternatiba.eu\/nantes-oca\/plus-chaud-que-le-climat\/\" class=\"read-more\" title=\"Plus chaud que le climat\"> &raquo;<\/a><\/p>\t\t\t\t\t\n\t\t\t\t\t\t\t\n\t\t\t\t\t\t\t\t\t\t\t\t\t\t\t\t\t\t\t\t\t\t\t\t\t\t\t\n\t\t\t\t\t\t<\/div>\n\t\n\t\t\t\t\t<\/section>\n\t\t\t\t\t\n\t\t\t\t\n\t\t\t\t\t<section class=\"post-loop post-8119 post type-post status-publish format-standard has-post-thumbnail category-les-groupes-de-travail\" itemscope itemtype=\"http:\/\/schema.org\/Blog\">\n\n\t\t\t\t\t\t\t\n\t\t\t\t\t\t\t\n\t\t\t\t\t\t\t<div class=\"post-thumbnail wrap\">\n\t\t\t\t\n\t\t\t\t\t\t\t\t\t\t\t\t\t\t\t\t\t<a href=\"https:\/\/alternatiba.eu\/nantes-oca\/transiscope\/\">\n\t\t\t\t\t\t\t\t\n\t\t\t\t\t\t\t\t\t\t\t\t\t\t\t\t\t\t\t\t\t\t\t\t\t\t\t<img loading=\"lazy\" decoding=\"async\" src=\"https:\/\/alternatiba.eu\/nantes-oca\/wp-content\/uploads\/2020\/01\/Transiscope-450x200.png\" data-rel=\"https:\/\/alternatiba.eu\/nantes-oca\/wp-content\/uploads\/2020\/01\/Transiscope-900x400.png\" width=\"450\" height=\"200\" alt=\"Transiscope en Pays nantais\" class=\"gp-post-image\" itemprop=\"image\" \/>\n\t\t\t\t\t\t\n\t\t\t\t\t\t\t\t<\/a>\t\t\t\t\t\t\n\t\t\t\t\t\t\t<\/div>\t\t\t\t\t\n\t\t\t\t\t\t\t\t\t\n\t\t\t\t\t\t\t\t\t\t\t\n\t\t\t\t\t\t\t\t\n\t\t\t\t\t\t\n\t\t\t\t\t\t<div class=\"post-text\">\n\n\t\t\t\t\t\t\t<h2 style=\"\" itemprop=\"headline\"><a href=\"https:\/\/alternatiba.eu\/nantes-oca\/transiscope\/\" title=\"Transiscope en Pays nantais\">Transiscope en Pays nantais<\/a><\/h2>\n\t\t\t\t\t\t\t\t\t\t\t\t\t\n\t\t\t\t\t\t\t\t<div class=\"gp-loop-meta\">\n\t\t\t\t\n\t\t\t\t\t\t\t\t\t\n\t\t\t\t\t\t\t\t\t\t\t\t\t\t\n\t\t\t\t\t\t\t\t\t\t\t\t\t\t\t\t\t\t\t<span class=\"gp-post-meta gp-meta-cats\"><a href=\"https:\/\/alternatiba.eu\/nantes-oca\/category\/les-groupes-de-travail\/\" rel=\"category tag\">Les Groupes de Travail<\/a><\/span>\n\t\t\t\t\t\t\t\t\t\t\t\t\t\n\t\t\t\t\t\t\t\t\t\t\t\t\t\t\t\t\t\t\t<span class=\"gp-post-meta gp-meta-comments\"><a href=\"https:\/\/alternatiba.eu\/nantes-oca\/transiscope\/#comments\" class=\"comments-link\" >2<\/a><\/span>\n\t\t\t\t\t\t\t\t\t\t\t\t\t\n\t\t\t\t\t\t\t\t<\/div>\n\t\t\t\t\t\n\t\t\t\t\t\t\t\n\t\t\t\t\t\t\t\t\t\t\t\t\t\n\t\t\t\t\t\t\t\t<p>\ud83e\udd37\u200d\u2640 Que fait-on ? Lanc\u00e9 par Alternatiba Nantes, un groupe rassemblant des citoyens du pays nantais s\u2019est constitu\u00e9 afin de renforcer et de mettre en lumi\u00e8re le lien entre les alternatives : Transiscope en pays nantais. Agissant en leur nom propre ou celui de leurs organisations, la dizaine de personnes et collectifs ont choisi d\u2019avancer sur : la cr\u00e9ation et l\u2019animation d\u2019un agenda (des \u00e9v\u00e9nements) des alternatives : L\u2019autre agenda nantais l\u2019animation de Transiscope.org en local avec la mise \u00e0 jour de la base de donn\u00e9es la facilitation de l\u2019interconnexion des alternatives en pays nantais : Tran... <a href=\"https:\/\/alternatiba.eu\/nantes-oca\/transiscope\/\" class=\"read-more\" title=\"Transiscope en Pays nantais\"> &raquo;<\/a><\/p>\t\t\t\t\t\n\t\t\t\t\t\t\t\n\t\t\t\t\t\t\t\t\t\t\t\t\t\t\t\t\t\t\t\t\t\t\t\t\t\t\t\n\t\t\t\t\t\t<\/div>\n\t\n\t\t\t\t\t<\/section>\n\t\t\t\t\t\n\t\t\t\t\n\t\t\t\t\t<section class=\"post-loop post-8117 post type-post status-publish format-standard has-post-thumbnail category-les-groupes-de-travail\" itemscope itemtype=\"http:\/\/schema.org\/Blog\">\n\n\t\t\t\t\t\t\t\n\t\t\t\t\t\t\t\n\t\t\t\t\t\t\t<div class=\"post-thumbnail wrap\">\n\t\t\t\t\n\t\t\t\t\t\t\t\t\t\t\t\t\t\t\t\t\t<a href=\"https:\/\/alternatiba.eu\/nantes-oca\/cine-climat\/\">\n\t\t\t\t\t\t\t\t\n\t\t\t\t\t\t\t\t\t\t\t\t\t\t\t\t\t\t\t\t\t\t\t\t\t\t\t<img loading=\"lazy\" decoding=\"async\" src=\"https:\/\/alternatiba.eu\/nantes-oca\/wp-content\/uploads\/2020\/01\/Cin\u00e9-450x200.png\" data-rel=\"https:\/\/alternatiba.eu\/nantes-oca\/wp-content\/uploads\/2020\/01\/Cin\u00e9-900x400.png\" width=\"450\" height=\"200\" alt=\"Cin\u00e9 climat\" class=\"gp-post-image\" itemprop=\"image\" \/>\n\t\t\t\t\t\t\n\t\t\t\t\t\t\t\t<\/a>\t\t\t\t\t\t\n\t\t\t\t\t\t\t<\/div>\t\t\t\t\t\n\t\t\t\t\t\t\t\t\t\n\t\t\t\t\t\t\t\t\t\t\t\n\t\t\t\t\t\t\t\t\n\t\t\t\t\t\t\n\t\t\t\t\t\t<div class=\"post-text\">\n\n\t\t\t\t\t\t\t<h2 style=\"\" itemprop=\"headline\"><a href=\"https:\/\/alternatiba.eu\/nantes-oca\/cine-climat\/\" title=\"Cin\u00e9 climat\">Cin\u00e9 climat<\/a><\/h2>\n\t\t\t\t\t\t\t\t\t\t\t\t\t\n\t\t\t\t\t\t\t\t<div class=\"gp-loop-meta\">\n\t\t\t\t\n\t\t\t\t\t\t\t\t\t\n\t\t\t\t\t\t\t\t\t\t\t\t\t\t\n\t\t\t\t\t\t\t\t\t\t\t\t\t\t\t\t\t\t\t<span class=\"gp-post-meta gp-meta-cats\"><a href=\"https:\/\/alternatiba.eu\/nantes-oca\/category\/les-groupes-de-travail\/\" rel=\"category tag\">Les Groupes de Travail<\/a><\/span>\n\t\t\t\t\t\t\t\t\t\t\t\t\t\n\t\t\t\t\t\t\t\t\t\t\t\t\t\t\t\t\t\t\t<span class=\"gp-post-meta gp-meta-comments\"><a href=\"https:\/\/alternatiba.eu\/nantes-oca\/cine-climat\/#respond\" class=\"comments-link\" >0<\/a><\/span>\n\t\t\t\t\t\t\t\t\t\t\t\t\t\n\t\t\t\t\t\t\t\t<\/div>\n\t\t\t\t\t\n\t\t\t\t\t\t\t\n\t\t\t\t\t\t\t\t\t\t\t\t\t\n\t\t\t\t\t\t\t\t<p>\ud83e\udd37\u200d\u2640 Que fait-on ? Les alternatives existent\u2026 parlons-en aussi au cin\u00e9ma, en regardant un bon film autour de th\u00e8mes qui nous mobilisent ! Le d\u00e9r\u00e8glement climatique, les projets alternatifs et la transition vers de nouveaux mod\u00e8les, les r\u00e9sistances face aux projets climaticides\u2026 Chaque projection est accompagn\u00e9e par une (ou des) animation(s) pour provoquer et \u00e9largir le d\u00e9bat. \ud83d\udc49 Comment en savoir plus ? https:\/\/frama.link\/cineclimat + https:\/\/www.facebook.com\/pg\/alternatibanantes\/events \ud83d\udcaa Que faire avec nous ? Participer aux projections de films documentaires Animer les d\u00e9bats avec d\u2019autres repr... <a href=\"https:\/\/alternatiba.eu\/nantes-oca\/cine-climat\/\" class=\"read-more\" title=\"Cin\u00e9 climat\"> &raquo;<\/a><\/p>\t\t\t\t\t\n\t\t\t\t\t\t\t\n\t\t\t\t\t\t\t\t\t\t\t\t\t\t\t\t\t\t\t\t\t\t\t\t\t\t\t\n\t\t\t\t\t\t<\/div>\n\t\n\t\t\t\t\t<\/section>\n\t\t\t\t\t\n\t\t\t\t\n\t\t\t\t\t<section class=\"post-loop post-8115 post type-post status-publish format-standard has-post-thumbnail category-les-groupes-de-travail\" itemscope itemtype=\"http:\/\/schema.org\/Blog\">\n\n\t\t\t\t\t\t\t\n\t\t\t\t\t\t\t\n\t\t\t\t\t\t\t<div class=\"post-thumbnail wrap\">\n\t\t\t\t\n\t\t\t\t\t\t\t\t\t\t\t\t\t\t\t\t\t<a href=\"https:\/\/alternatiba.eu\/nantes-oca\/livre-blanc-climat\/\">\n\t\t\t\t\t\t\t\t\n\t\t\t\t\t\t\t\t\t\t\t\t\t\t\t\t\t\t\t\t\t\t\t\t\t\t\t<img loading=\"lazy\" decoding=\"async\" src=\"https:\/\/alternatiba.eu\/nantes-oca\/wp-content\/uploads\/2020\/01\/Livre-blanc-450x200.png\" data-rel=\"https:\/\/alternatiba.eu\/nantes-oca\/wp-content\/uploads\/2020\/01\/Livre-blanc-900x400.png\" width=\"450\" height=\"200\" alt=\"Livre Blanc Climat\" class=\"gp-post-image\" itemprop=\"image\" \/>\n\t\t\t\t\t\t\n\t\t\t\t\t\t\t\t<\/a>\t\t\t\t\t\t\n\t\t\t\t\t\t\t<\/div>\t\t\t\t\t\n\t\t\t\t\t\t\t\t\t\n\t\t\t\t\t\t\t\t\t\t\t\n\t\t\t\t\t\t\t\t\n\t\t\t\t\t\t\n\t\t\t\t\t\t<div class=\"post-text\">\n\n\t\t\t\t\t\t\t<h2 style=\"\" itemprop=\"headline\"><a href=\"https:\/\/alternatiba.eu\/nantes-oca\/livre-blanc-climat\/\" title=\"Livre Blanc Climat\">Livre Blanc Climat<\/a><\/h2>\n\t\t\t\t\t\t\t\t\t\t\t\t\t\n\t\t\t\t\t\t\t\t<div class=\"gp-loop-meta\">\n\t\t\t\t\n\t\t\t\t\t\t\t\t\t\n\t\t\t\t\t\t\t\t\t\t\t\t\t\t\n\t\t\t\t\t\t\t\t\t\t\t\t\t\t\t\t\t\t\t<span class=\"gp-post-meta gp-meta-cats\"><a href=\"https:\/\/alternatiba.eu\/nantes-oca\/category\/les-groupes-de-travail\/\" rel=\"category tag\">Les Groupes de Travail<\/a><\/span>\n\t\t\t\t\t\t\t\t\t\t\t\t\t\n\t\t\t\t\t\t\t\t\t\t\t\t\t\t\t\t\t\t\t<span class=\"gp-post-meta gp-meta-comments\"><a href=\"https:\/\/alternatiba.eu\/nantes-oca\/livre-blanc-climat\/#respond\" class=\"comments-link\" >0<\/a><\/span>\n\t\t\t\t\t\t\t\t\t\t\t\t\t\n\t\t\t\t\t\t\t\t<\/div>\n\t\t\t\t\t\n\t\t\t\t\t\t\t\n\t\t\t\t\t\t\t\t\t\t\t\t\t\n\t\t\t\t\t\t\t\t<p>\ud83e\udd37\u200d\u2640 Que fait-on ? \u00c0 toutes les citoyennes et tous les citoyens : nous pouvons engager la transition \u00e9cologique sur nos territoires ! Face \u00e0 l\u2019aggravation du d\u00e9r\u00e8glement climatique, les engagements pris par les \u00c9tats du monde entier \u00e0 la COP21 sont dramatiquement insuffisants. De nombreuses solutions existent, elles doivent \u00eatre mises en \u0153uvre le plus rapidement possible et par le plus grand nombre : repas bio et\/ou v\u00e9g\u00e9tariens dans les cantines, pistes cyclables, \u00e9conomies d\u2019\u00e9nergie et approvisionnement en \u00e9nergies 100 % renouvelables, relocalisation de l\u2019\u00e9conomie via les monnaies locales, \u00e9co... <a href=\"https:\/\/alternatiba.eu\/nantes-oca\/livre-blanc-climat\/\" class=\"read-more\" title=\"Livre Blanc Climat\"> &raquo;<\/a><\/p>\t\t\t\t\t\n\t\t\t\t\t\t\t\n\t\t\t\t\t\t\t\t\t\t\t\t\t\t\t\t\t\t\t\t\t\t\t\t\t\t\t\n\t\t\t\t\t\t<\/div>\n\t\n\t\t\t\t\t<\/section>\n\t\t\t\t\t\n\t\t\t\t\n\t\t\t\t\t<section class=\"post-loop post-8113 post type-post status-publish format-standard has-post-thumbnail category-les-groupes-de-travail\" itemscope itemtype=\"http:\/\/schema.org\/Blog\">\n\n\t\t\t\t\t\t\t\n\t\t\t\t\t\t\t\n\t\t\t\t\t\t\t<div class=\"post-thumbnail wrap\">\n\t\t\t\t\n\t\t\t\t\t\t\t\t\t\t\t\t\t\t\t\t\t<a href=\"https:\/\/alternatiba.eu\/nantes-oca\/les-bonnes-revolutions\/\">\n\t\t\t\t\t\t\t\t\n\t\t\t\t\t\t\t\t\t\t\t\t\t\t\t\t\t\t\t\t\t\t\t\t\t\t\t<img loading=\"lazy\" decoding=\"async\" src=\"https:\/\/alternatiba.eu\/nantes-oca\/wp-content\/uploads\/2020\/01\/Bonnes-Rev-450x200.png\" data-rel=\"https:\/\/alternatiba.eu\/nantes-oca\/wp-content\/uploads\/2020\/01\/Bonnes-Rev-900x400.png\" width=\"450\" height=\"200\" alt=\"Les bonnes r\u00e9(v)olutions\" class=\"gp-post-image\" itemprop=\"image\" \/>\n\t\t\t\t\t\t\n\t\t\t\t\t\t\t\t<\/a>\t\t\t\t\t\t\n\t\t\t\t\t\t\t<\/div>\t\t\t\t\t\n\t\t\t\t\t\t\t\t\t\n\t\t\t\t\t\t\t\t\t\t\t\n\t\t\t\t\t\t\t\t\n\t\t\t\t\t\t\n\t\t\t\t\t\t<div class=\"post-text\">\n\n\t\t\t\t\t\t\t<h2 style=\"\" itemprop=\"headline\"><a href=\"https:\/\/alternatiba.eu\/nantes-oca\/les-bonnes-revolutions\/\" title=\"Les bonnes r\u00e9(v)olutions\">Les bonnes r\u00e9(v)olutions<\/a><\/h2>\n\t\t\t\t\t\t\t\t\t\t\t\t\t\n\t\t\t\t\t\t\t\t<div class=\"gp-loop-meta\">\n\t\t\t\t\n\t\t\t\t\t\t\t\t\t\n\t\t\t\t\t\t\t\t\t\t\t\t\t\t\n\t\t\t\t\t\t\t\t\t\t\t\t\t\t\t\t\t\t\t<span class=\"gp-post-meta gp-meta-cats\"><a href=\"https:\/\/alternatiba.eu\/nantes-oca\/category\/les-groupes-de-travail\/\" rel=\"category tag\">Les Groupes de Travail<\/a><\/span>\n\t\t\t\t\t\t\t\t\t\t\t\t\t\n\t\t\t\t\t\t\t\t\t\t\t\t\t\t\t\t\t\t\t<span class=\"gp-post-meta gp-meta-comments\"><a href=\"https:\/\/alternatiba.eu\/nantes-oca\/les-bonnes-revolutions\/#respond\" class=\"comments-link\" >0<\/a><\/span>\n\t\t\t\t\t\t\t\t\t\t\t\t\t\n\t\t\t\t\t\t\t\t<\/div>\n\t\t\t\t\t\n\t\t\t\t\t\t\t\n\t\t\t\t\t\t\t\t\t\t\t\t\t\n\t\t\t\t\t\t\t\t<p>\ud83e\udd37\u200d\u2640 Que fait-on ? Vous connaissez le d\u00e9fi Z\u00e9ro d\u00e9chet ? Les campagnes de buycott ? Les coop\u00e9ratives d\u2019\u00e9nergie locale ? En mettant nos forces en commun nous communiquons sur les solutions qui existent d\u00e9j\u00e0 ! C\u2019est une action collective avec les associations et collectifs citoyens \u00e0 la promotion des alternatives locales. J\u2019habite \u00e0 Nantes et alentours, quel(s) d\u00e9fi(s) je peux me lancer pour changer mon alimentation, ma mobilit\u00e9, mon \u00e9nergie\u2026 J\u2019ai d\u00e9j\u00e0 particip\u00e9 \u00e0 un d\u00e9fi, je serai s\u00fbrement motiv\u00e9 pour participer \u00e0 un autre d\u00e9fi et ainsi faire effet boule de neige. Jouons collectif ! \ud83d\udc49 Comment en... <a href=\"https:\/\/alternatiba.eu\/nantes-oca\/les-bonnes-revolutions\/\" class=\"read-more\" title=\"Les bonnes r\u00e9(v)olutions\"> &raquo;<\/a><\/p>\t\t\t\t\t\n\t\t\t\t\t\t\t\n\t\t\t\t\t\t\t\t\t\t\t\t\t\t\t\t\t\t\t\t\t\t\t\t\t\t\t\n\t\t\t\t\t\t<\/div>\n\t\n\t\t\t\t\t<\/section>\n\t\t\t\t\t\n\t\t\t\t\n\t\t\t\t\t<section class=\"post-loop post-8111 post type-post status-publish format-standard has-post-thumbnail category-les-groupes-de-travail\" itemscope itemtype=\"http:\/\/schema.org\/Blog\">\n\n\t\t\t\t\t\t\t\n\t\t\t\t\t\t\t\n\t\t\t\t\t\t\t<div class=\"post-thumbnail wrap\">\n\t\t\t\t\n\t\t\t\t\t\t\t\t\t\t\t\t\t\t\t\t\t<a href=\"https:\/\/alternatiba.eu\/nantes-oca\/gignv\/\">\n\t\t\t\t\t\t\t\t\n\t\t\t\t\t\t\t\t\t\t\t\t\t\t\t\t\t\t\t\t\t\t\t\t\t\t\t<img loading=\"lazy\" decoding=\"async\" src=\"https:\/\/alternatiba.eu\/nantes-oca\/wp-content\/uploads\/2020\/01\/GIGNV-450x200.png\" data-rel=\"https:\/\/alternatiba.eu\/nantes-oca\/wp-content\/uploads\/2020\/01\/GIGNV-900x400.png\" width=\"450\" height=\"200\" alt=\"GIGNV\" class=\"gp-post-image\" itemprop=\"image\" \/>\n\t\t\t\t\t\t\n\t\t\t\t\t\t\t\t<\/a>\t\t\t\t\t\t\n\t\t\t\t\t\t\t<\/div>\t\t\t\t\t\n\t\t\t\t\t\t\t\t\t\n\t\t\t\t\t\t\t\t\t\t\t\n\t\t\t\t\t\t\t\t\n\t\t\t\t\t\t\n\t\t\t\t\t\t<div class=\"post-text\">\n\n\t\t\t\t\t\t\t<h2 style=\"\" itemprop=\"headline\"><a href=\"https:\/\/alternatiba.eu\/nantes-oca\/gignv\/\" title=\"GIGNV\">GIGNV<\/a><\/h2>\n\t\t\t\t\t\t\t\t\t\t\t\t\t\n\t\t\t\t\t\t\t\t<div class=\"gp-loop-meta\">\n\t\t\t\t\n\t\t\t\t\t\t\t\t\t\n\t\t\t\t\t\t\t\t\t\t\t\t\t\t\n\t\t\t\t\t\t\t\t\t\t\t\t\t\t\t\t\t\t\t<span class=\"gp-post-meta gp-meta-cats\"><a href=\"https:\/\/alternatiba.eu\/nantes-oca\/category\/les-groupes-de-travail\/\" rel=\"category tag\">Les Groupes de Travail<\/a><\/span>\n\t\t\t\t\t\t\t\t\t\t\t\t\t\n\t\t\t\t\t\t\t\t\t\t\t\t\t\t\t\t\t\t\t<span class=\"gp-post-meta gp-meta-comments\"><a href=\"https:\/\/alternatiba.eu\/nantes-oca\/gignv\/#respond\" class=\"comments-link\" >0<\/a><\/span>\n\t\t\t\t\t\t\t\t\t\t\t\t\t\n\t\t\t\t\t\t\t\t<\/div>\n\t\t\t\t\t\n\t\t\t\t\t\t\t\n\t\t\t\t\t\t\t\t\t\t\t\t\t\n\t\t\t\t\t\t\t\t<p>\ud83e\udd37\u200d\u2640 Que fait-on ? Le GIGNV est le groupe d\u2019intervention des grenouilles non violentes. En 2015, dans le sillage du mouvement Action non violente-COP21 (ANV-COP21), des membres d\u2019Alternatiba Nantes et d\u2019autres collectifs cr\u00e9ent ce groupe d\u2019action. Le but est de s\u2019opposer concr\u00e8tement aux projets qui aggravent le d\u00e9r\u00e8glement climatique et qui freinent la transition sociale et \u00e9cologique. \ud83d\udc49 Comment en savoir plus ? https:\/\/frama.link\/gignv + https:\/\/frama.link\/Fbgignv \ud83d\udcaa Que faire avec nous ? Faire des banderoles, des pancartes Confectionner des bob l\u2019\u00e9ponge Aller louer un costume d\u2019orang-outang P... <a href=\"https:\/\/alternatiba.eu\/nantes-oca\/gignv\/\" class=\"read-more\" title=\"GIGNV\"> &raquo;<\/a><\/p>\t\t\t\t\t\n\t\t\t\t\t\t\t\n\t\t\t\t\t\t\t\t\t\t\t\t\t\t\t\t\t\t\t\t\t\t\t\t\t\t\t\n\t\t\t\t\t\t<\/div>\n\t\n\t\t\t\t\t<\/section>\n\t\t\t\t\t\n\t\t\t\t\n\t\t\t\t\t\t\t\t\t\t\t\t\t\t<div class=\"clear\"><\/div>\n\t\t\t\t\t\t\t\n\t\t\t\t\t\n\t\t<\/div>\n\n\t\t\n","protected":false},"excerpt":{"rendered":"<p>De l&rsquo;animation d&rsquo;une \u00e9mission radio au plaidoyer citoyens, du pitch des alternatives locales jusqu&rsquo;\u00e0 l&rsquo;organisation de projection de films, de la cartographie des alternatives \u00e0 la d\u00e9sob\u00e9issance civile : tu trouveras forc\u00e9ment un groupe qui va te plaire ! Voici la description des tous les groupes, l&rsquo;\u00e9tape suivante pour toi \u00e9tant de demander \u00e0 rejoindre ces groupes dans la page \u00ab\u00a0Groupes\u00a0\u00bb si ils te tentent :).<\/p>\n","protected":false},"author":1,"featured_media":0,"parent":0,"menu_order":0,"comment_status":"closed","ping_status":"closed","template":"","meta":{"_bbp_topic_count":0,"_bbp_reply_count":0,"_bbp_total_topic_count":0,"_bbp_total_reply_count":0,"_bbp_voice_count":0,"_bbp_anonymous_reply_count":0,"_bbp_topic_count_hidden":0,"_bbp_reply_count_hidden":0,"_bbp_forum_subforum_count":0,"footnotes":""},"_links":{"self":[{"href":"https:\/\/alternatiba.eu\/nantes-oca\/wp-json\/wp\/v2\/pages\/8123"}],"collection":[{"href":"https:\/\/alternatiba.eu\/nantes-oca\/wp-json\/wp\/v2\/pages"}],"about":[{"href":"https:\/\/alternatiba.eu\/nantes-oca\/wp-json\/wp\/v2\/types\/page"}],"author":[{"embeddable":true,"href":"https:\/\/alternatiba.eu\/nantes-oca\/wp-json\/wp\/v2\/users\/1"}],"replies":[{"embeddable":true,"href":"https:\/\/alternatiba.eu\/nantes-oca\/wp-json\/wp\/v2\/comments?post=8123"}],"version-history":[{"count":11,"href":"https:\/\/alternatiba.eu\/nantes-oca\/wp-json\/wp\/v2\/pages\/8123\/revisions"}],"predecessor-version":[{"id":8541,"href":"https:\/\/alternatiba.eu\/nantes-oca\/wp-json\/wp\/v2\/pages\/8123\/revisions\/8541"}],"wp:attachment":[{"href":"https:\/\/alternatiba.eu\/nantes-oca\/wp-json\/wp\/v2\/media?parent=8123"}],"curies":[{"name":"wp","href":"https:\/\/api.w.org\/{rel}","templated":true}]}}