{"id":7948,"date":"2020-01-03T21:23:43","date_gmt":"2020-01-03T20:23:43","guid":{"rendered":"https:\/\/alternatiba.eu\/nantes-oca\/?page_id=7948"},"modified":"2020-01-11T23:04:44","modified_gmt":"2020-01-11T22:04:44","slug":"evaluation-des-groupes-de-travail","status":"publish","type":"page","link":"https:\/\/alternatiba.eu\/nantes-oca\/evaluation-des-groupes-de-travail\/","title":{"rendered":"synth\u00e8se coordinations strat\u00e9giques"},"content":{"rendered":"\n<h2 class=\"wp-block-heading\">F\u00e9vrier 2019<\/h2>\n\n\n\n<p>Lors de la r\u00e9union de <a href=\"https:\/\/alternatiba.eu\/nantes-oca\/events\/reunion-strategique-alternatiba-nantes-gignv-du-23-fevrier-2019\/\">coordination strat\u00e9gique<\/a> Alternatiba Nantes\/GIGNV du 23 f\u00e9vrier 2019 nous avons r\u00e9alis\u00e9 un travail d&rsquo;\u00e9tablissement de crit\u00e8re pour \u00e9valuer nos groupes de travail.<\/p>\n\n\n\n<h3 class=\"wp-block-heading\"><strong>Quatre grands objectifs ont \u00e9t\u00e9 d\u00e9finis<\/strong><\/h3>\n\n\n\n<ol><li>Nous voulons mieux nous structurer pour \u00eatre plus efficaces <\/li><li>Nos cibles sont identifi\u00e9es et nos messages sont adapt\u00e9s<\/li><li>Nous  aurons d\u00e9fini nos campagnes prioritaires<\/li><li>Nous voulons pr\u00e9ciser  notre positionnement et les moyens de coop\u00e9rer avec les autres  mouvements et organisations locales<\/li><\/ol>\n\n\n\n<p>Chaque groupe a ensuite \u00e9valu\u00e9 si son groupe remplissait les objectifs<br>Le r\u00e9sultat est synth\u00e9tis\u00e9 dans <a href=\"https:\/\/docs.google.com\/spreadsheets\/d\/1vsb_dxojnGmt__HVJ10edltE5bS_DKw5UDDalzZlSnI\/edit#gid=671440868\">ce tableau.<\/a><\/p>\n\n\n\n<h3 class=\"wp-block-heading\">D\u00e9claration d&rsquo;Etat d&rsquo;Urgence Climatique<\/h3>\n\n\n\n<p>Lors de cette coordination strat\u00e9gique, il a \u00e9galement \u00e9t\u00e9 propos\u00e9 que un projet pouvait nous servir d&rsquo;objectif strat\u00e9gique globale : que Nantes M\u00e9tropole d\u00e9clare d&rsquo;Etat d&rsquo;Urgence climatique. Cela a ensuite \u00e9t\u00e9 valid\u00e9 en coordination g\u00e9n\u00e9rale. Un collectif inter-orga tres dynamique impuls\u00e9 par Alternatiba s&rsquo;est alors mis en place et \u00e0 obtenu un v\u0153u du conseil de Nantes M\u00e9tropole : NANTES M\u00c9TROPOLE D\u00c9CLARE L\u2019\u00c9TAT<br> D\u2019URGENCE CLIMATIQUE : <a href=\"https:\/\/www.nantesmetropole.fr\/medias\/fichier\/compte-rendu-seance-04-octobre-2019_1570799951203.pdf\">https:\/\/www.nantesmetropole.fr\/medias\/fichier\/compte-rendu-seance-04-octobre-2019_1570799951203.pdf<\/a><\/p>\n\n\n\n<p>Il y a eu tres peut d&rsquo;\u00e9volution depuis le vote de ce v\u0153u<\/p>\n\n\n\n<h2 class=\"wp-block-heading\">Septembre 2019<\/h2>\n\n\n\n<p>Une seconde coordination strat\u00e9gique s&rsquo;est donn\u00e9 comme objectif d&rsquo;\u00e9valuer la pertinence\/impact\/poids de chaque groupe de travail afin de prioriser nos efforts<\/p>\n\n\n\n<p>Un <a href=\"https:\/\/docs.google.com\/forms\/d\/e\/1FAIpQLSf05VATtErfFDazsPuvHnkHpaDL9Gw5p4YcM2SrcMHj99QMUQ\/viewform\">formulaire <\/a>a \u00e9t\u00e9 cr\u00e9\u00e9 pour l&rsquo;occasion, il sert \u00e0 \u00e9valuer tout nouveau projet propuls\u00e9 par Alternatiba Nantes.<\/p>\n\n\n\n<h3 class=\"wp-block-heading\">R\u00e9sultats<\/h3>\n\n\n\n<p>\ud83d\udc49 Voir le <a href=\"https:\/\/lite.framacalc.org\/wdpQhBZotr\">tableau<\/a> des r\u00e9sultats. <\/p>\n\n\n\n<p>Voici la liste des questions de la plus importante \u00e0 la moins importante selon le groupe, pour \u00e9tablir un \u00ab\u00a0classement\u00a0\u00bb :<\/p>\n\n\n\n<ol><li>Est-ce que le projet r\u00e9pond \u00e0 notre ADN ?    <\/li><li>Est-ce que le groupe est motiv\u00e9 ou a envie de r\u00e9aliser ce projet ? <\/li><li>Est-ce que le projet fait passer le public \u00e0 l&rsquo;action ?<\/li><li>Est-ce que le projet permet de diminuer les \u00e9mission de GES ?<\/li><li>Est-ce que le projet permet de toucher un nouveau public ?   <\/li><li>Est-ce que le projet fait pencher le rapport de force en notre faveur ?<\/li><li>Peut-on gagner cette campagne au regard des objectifs \u00e9tablis ?<\/li><li>Avons-nous les RH n\u00e9cessaire suffisantes en interne ?<\/li><li>Avons-nous les comp\u00e9tences n\u00e9cessaire suffisantes en interne ? <\/li><li>Est-ce que le projet va nous permettre de recruter ?<\/li><li>Ce projet est-il duplicable \u00e0 l&rsquo;avenir ?<\/li><li>Ce projet s&rsquo;ins\u00e8re-t-il dans une campagne existante ?<\/li><li>Ce projet nous permet-il d&rsquo;\u00eatre plus visible ?<\/li><li>Ce projet permet-il des synergies avec d&rsquo;autres mouvements ? <\/li><li>Ce projet apporte-t-il un capital sympathie ?<\/li><li>Avons nous le budget pour r\u00e9aliser ce projet ?<\/li><li>Avons nous le mat\u00e9riel n\u00e9cessaire au projet ?<\/li><\/ol>\n\n\n\n<p>Trois smileys repr\u00e9sentent de l&rsquo;\u00e9valuation la plus faible \u00e0 la plus forte : \ud83d\ude10 \ud83d\ude00 \ud83d\ude0d<\/p>\n\n\n\n<h3 class=\"wp-block-heading\">\ud83d\ude10 RADIO<\/h3>\n\n\n\n<p>Projet qui demande un tr\u00e8s gros investissement de temps, probablement peu \u00e9cout\u00e9 et ne permettant pas vraiment toucher un public nouveau, mais on pourrait peut \u00eatre plus l\u2019exploiter, et cela constitue un bel outil comme on en a peu dans le r\u00e9seau, qui permet de faire passer du contenu. <\/p>\n\n\n\n<h3 class=\"wp-block-heading\">\ud83d\ude00 Amazon<\/h3>\n\n\n\n<p>Campagne qui remplit plein de crit\u00e8res en terme de mob, rapport de force, strat\u00e9gie (enjeu \u00e0 la fois local et campagne nationale). Mais campagne pas du tout lanc\u00e9e, et qui demanderait de se concentrer prioritairement dessus pour la lancer, et peut \u00eatre de faire un choix par rapport \u00e0 d\u2019autres campagnes.<\/p>\n\n\n\n<h3 class=\"wp-block-heading\">\ud83d\ude10 Alternatibase<\/h3>\n\n\n\n<p>Pas de projet concret pour l\u2019instant, que des r\u00e9unions, si on se lance cela demandera beaucoup de forces humaines mais c\u2019est aussi un gros potentiel de recrutement, structuration, convergence. <\/p>\n\n\n\n<h3 class=\"wp-block-heading\">\ud83d\ude10 Urgence climatique<\/h3>\n\n\n\n<p>Points forts : campagne ambitieuse qui vise \u00e0 r\u00e9duire les \u00e9missions de GES \u00e0 l&rsquo;\u00e9chelle locale, port\u00e9e en inter-orga, permet de changer le rapport de force avec les \u00e9lus. Points faibles : ne permet pas de toucher un nouveau public ni de recruter, l&rsquo;atteinte de l&rsquo;objectif principal (que Nantes M\u00e9tropole d\u00e9clare l&rsquo;\u00e9tat d&rsquo;urgence climatique tel que pens\u00e9 par le collectif et qu&rsquo;elle n&rsquo;en fasse pas uniquement une d\u00e9claration d&rsquo;intention mais passe aussi aux actes) est incertain \u00e0 ce stade.<\/p>\n\n\n\n<h3 class=\"wp-block-heading\">\ud83d\ude10 Livre Blanc (Alternatives Territoriales)<\/h3>\n\n\n\n<p>Points forts : forte motivation et volont\u00e9 de voir ce projet aboutir dans l&rsquo;optique des municipales, s&rsquo;ins\u00e8re dans la prolongation directe de la DEUC, cr\u00e9e des synergies entre diff\u00e9rents mouvements\/collectifs. Points n\u00e9gatifs : ne permet pas de toucher ni de recruter un nouveau public.<\/p>\n\n\n\n<h3 class=\"wp-block-heading\">\ud83d\ude00 Cordemais<\/h3>\n\n\n\n<p>Points forts : campagne existante avec des actions d\u00e9j\u00e0 men\u00e9es, campagne locale. Points faibles : incertitude sur la motivation du groupe \u00e0 continuer cette campagne (\u00e0 discuter)<\/p>\n\n\n\n<h3 class=\"wp-block-heading\">\ud83d\ude00 Antipub<\/h3>\n\n\n\n<p>Points forts : permet la mobilisation et le passage \u00e0 l&rsquo;action, rend visible le sujet de la pub, permet de changer le rapport de force, objectifs atteignables. Points faibles : RAS<\/p>\n\n\n\n<h3 class=\"wp-block-heading\">\ud83d\ude10 SRADET<\/h3>\n\n\n\n<p>Points faibles : campagne encore floue, demande \u00e0 \u00eatre sp\u00e9cifi\u00e9e et bien expliquer les enjeux pour pouvoir recruter, passage \u00e0 l&rsquo;\u00e9chelon r\u00e9gional, pose la question de la marge de manoeuvre et de la capacit\u00e9 d&rsquo;influence que nous pourrons avoir Points forts : permet de se rendre plus visible et d&rsquo;accro\u00eetre notre cr\u00e9dibilit\u00e9 aupr\u00e8s des instances r\u00e9gionales, mont\u00e9e en comp\u00e9tence interne.<\/p>\n\n\n\n<h3 class=\"wp-block-heading\">\ud83d\ude00 Navions<\/h3>\n\n\n\n<p>Tr\u00e8s strat\u00e9gique, local mais besoin d&rsquo;une forte impulsion de notre part<\/p>\n\n\n\n<h3 class=\"wp-block-heading\">\ud83d\ude00 D\u00e9crochons Macron<\/h3>\n\n\n\n<p>GT sur le proc\u00e8s nantais \u00e0 d\u00e9marrer maintenant, ambitions \u00e0 r\u00e9\u00e9valuer en f\u00e9vrier<\/p>\n\n\n\n<h3 class=\"wp-block-heading\">\ud83d\ude10 Alternatibar<\/h3>\n\n\n\n<p>Pas gros impact global mais pas besoin de beaucoup de ressources non plus<\/p>\n\n\n\n<h3 class=\"wp-block-heading\">\ud83d\ude10 Camp climat local<\/h3>\n\n\n\n<p>Super projet mais qui prend toute la place\/l&rsquo;\u00e9nergie. Si on fait le camp climat, on ne peut pas faire grand chose d&rsquo;autre.<\/p>\n\n\n\n<h3 class=\"wp-block-heading\">\ud83d\ude10 Cin\u00e9-climat<\/h3>\n\n\n\n<p>Points faibles :  \u2022 Pas d&rsquo;impact direct sur les \u00e9missions de GES \u2022 Pas une grande visibilit\u00e9 \u00e0 l&rsquo;heure actuelle \u2022 Pas assez de monde aux s\u00e9ances organis\u00e9es en 2019 \u2022 Peu efficaces sur la com Points forts : \u2022 Plusieurs nouveaux b\u00e9n\u00e9voles qui ont envie de faire de la sensibilisation \u00e0 l&rsquo;\u00e9cologie via le cin\u00e9ma \u2022 De nouveaux objectifs \u00e9tablis en groupe en octobre pour am\u00e9liorer la sensibilisation, la visibilit\u00e9, et donc le passage \u00e0 l&rsquo;action \u2022 Synergie existante avec ATTAC notamment (toutes les derni\u00e8res s\u00e9ances ont \u00e9t\u00e9 co-organis\u00e9es avec eux), \u00e0 d\u00e9velopper avec d&rsquo;autres acteurs  Id\u00e9es pour le futur : Am\u00e9liorer la communication autour des s\u00e9ances D\u00e9velopper des s\u00e9ances dans des lieux plus populaires (bars\/universit\u00e9s\/lyc\u00e9es\/MJC\/plein air\/etc)\/ faire venir plus de jeunes \/ un public moins acquis pour un vrai r\u00f4le de sensibilisation Suzanne est en socio \u00e0 Nantes et impliqu\u00e9e dans la vie associative &gt; voir quels \u00e9changes sont possibles ! Cr\u00e9er pourquoi pas des semaines th\u00e9matiques sur le climat (coll\u00e8ges\/lyc\u00e9es\/universit\u00e9s) &gt; Se mettre en relation avec les \u00e9co-d\u00e9l\u00e9gu\u00e9s (coll\u00e8ge\/lyc\u00e9es)<\/p>\n\n\n\n<h3 class=\"wp-block-heading\">\ud83d\ude0d L&rsquo;autre agenda nantais<\/h3>\n\n\n\n<p>Points forts : inter-orga et volont\u00e9 de proposer une alternative aux GAFAM + projet grand public. Points faibles : encore trop peu de communication pour \u00e9valuer le poids du projet. <\/p>\n\n\n\n<h3 class=\"wp-block-heading\">\ud83d\ude00 By2020<\/h3>\n\n\n\n<p>Points forts : inter-orgra \/ volont\u00e9 de changer le syst\u00e8me Points faible : manque de lisibilit\u00e9 ? <\/p>\n\n\n\n<h3 class=\"wp-block-heading\">\ud83d\ude0d Les Bonnes R\u00e9(v)olutions<\/h3>\n\n\n\n<p>Point forts : inter-orga et formation inter-asso Points faibles : disponibilit\u00e9s des orga.<\/p>\n","protected":false},"excerpt":{"rendered":"<p>F\u00e9vrier 2019 Lors de la r\u00e9union de coordination strat\u00e9gique Alternatiba Nantes\/GIGNV du 23 f\u00e9vrier 2019 nous avons r\u00e9alis\u00e9 un travail d&rsquo;\u00e9tablissement de crit\u00e8re pour \u00e9valuer nos groupes de travail. Quatre grands objectifs ont \u00e9t\u00e9 d\u00e9finis Nous voulons mieux nous structurer pour \u00eatre plus efficaces Nos cibles sont identifi\u00e9es et nos messages sont adapt\u00e9s Nous aurons d\u00e9fini nos campagnes prioritaires Nous voulons pr\u00e9ciser notre positionnement et les moyens de coop\u00e9rer avec les autres mouvements et organisations locales Chaque groupe a ensuite \u00e9valu\u00e9 si son groupe remplissait les objectifsLe r\u00e9sultat est synth\u00e9tis\u00e9 dans ce tableau. D\u00e9claration d&rsquo;Etat d&rsquo;Urgence Climatique Lors de cette coordination strat\u00e9gique, il a \u00e9galement \u00e9t\u00e9 propos\u00e9 que un projet pouvait nous servir d&rsquo;objectif strat\u00e9gique globale : que Nantes M\u00e9tropole d\u00e9clare d&rsquo;Etat d&rsquo;Urgence climatique. Cela a ensuite \u00e9t\u00e9 valid\u00e9 en coordination g\u00e9n\u00e9rale. Un collectif inter-orga tres dynamique impuls\u00e9 par Alternatiba s&rsquo;est alors mis en place et \u00e0 obtenu un v\u0153u du conseil de Nantes M\u00e9tropole : NANTES M\u00c9TROPOLE D\u00c9CLARE L\u2019\u00c9TAT D\u2019URGENCE CLIMATIQUE : https:\/\/www.nantesmetropole.fr\/medias\/fichier\/compte-rendu-seance-04-octobre-2019_1570799951203.pdf Il y a eu tres peut d&rsquo;\u00e9volution depuis le vote de ce v\u0153u Septembre 2019 Une seconde coordination strat\u00e9gique s&rsquo;est donn\u00e9 comme objectif d&rsquo;\u00e9valuer la pertinence\/impact\/poids de chaque groupe de travail afin de prioriser nos efforts Un formulaire a \u00e9t\u00e9 cr\u00e9\u00e9 pour l&rsquo;occasion, il sert \u00e0 \u00e9valuer tout nouveau projet propuls\u00e9 par Alternatiba Nantes. R\u00e9sultats \ud83d\udc49 Voir le tableau des r\u00e9sultats. Voici la liste des questions de la plus importante \u00e0 la moins importante selon le groupe, pour \u00e9tablir un \u00ab\u00a0classement\u00a0\u00bb : Est-ce que le projet r\u00e9pond \u00e0 notre ADN ? Est-ce que le groupe est motiv\u00e9 ou a envie de r\u00e9aliser ce projet ? Est-ce que le projet fait passer le public \u00e0 l&rsquo;action ? Est-ce que le projet permet de diminuer les \u00e9mission de GES ? Est-ce que le projet permet de toucher un nouveau public ? Est-ce que le projet fait pencher le rapport de force en notre faveur ? Peut-on gagner cette campagne au regard des objectifs \u00e9tablis ? Avons-nous les RH n\u00e9cessaire suffisantes en interne ? Avons-nous les comp\u00e9tences n\u00e9cessaire suffisantes en interne ? Est-ce que le projet va nous permettre de recruter ? Ce projet est-il duplicable \u00e0 l&rsquo;avenir ? Ce projet s&rsquo;ins\u00e8re-t-il dans une campagne existante ? Ce projet nous permet-il d&rsquo;\u00eatre plus visible ? Ce projet permet-il des synergies avec d&rsquo;autres mouvements ? Ce projet apporte-t-il un capital sympathie ? Avons nous le budget pour r\u00e9aliser ce projet ? Avons nous le mat\u00e9riel n\u00e9cessaire au projet ? Trois smileys repr\u00e9sentent de l&rsquo;\u00e9valuation la plus faible \u00e0 la plus forte : \ud83d\ude10 \ud83d\ude00 \ud83d\ude0d \ud83d\ude10 RADIO Projet qui demande un tr\u00e8s gros investissement de temps, probablement peu \u00e9cout\u00e9 et ne permettant pas vraiment toucher un public nouveau, mais on pourrait peut \u00eatre plus l\u2019exploiter, et cela constitue un bel outil comme on en a peu dans le r\u00e9seau, qui permet de faire passer du contenu. \ud83d\ude00 Amazon Campagne qui remplit plein de crit\u00e8res en terme de mob, rapport de force, strat\u00e9gie (enjeu \u00e0 la fois local et campagne nationale). Mais campagne pas du tout lanc\u00e9e, et qui demanderait de se concentrer prioritairement dessus pour la lancer, et peut \u00eatre de faire un choix par rapport \u00e0 d\u2019autres campagnes. \ud83d\ude10 Alternatibase Pas de projet concret pour l\u2019instant, que des r\u00e9unions, si on se lance cela demandera beaucoup de forces humaines mais c\u2019est aussi un gros potentiel de recrutement, structuration, convergence. \ud83d\ude10 Urgence climatique Points forts : campagne ambitieuse qui vise \u00e0 r\u00e9duire les \u00e9missions de GES \u00e0 l&rsquo;\u00e9chelle locale, port\u00e9e en inter-orga, permet de changer le rapport de force avec les \u00e9lus. Points faibles : ne permet pas de toucher un nouveau public ni de recruter, l&rsquo;atteinte de l&rsquo;objectif principal (que Nantes M\u00e9tropole d\u00e9clare l&rsquo;\u00e9tat d&rsquo;urgence climatique tel que pens\u00e9 par le collectif et qu&rsquo;elle n&rsquo;en fasse pas uniquement une d\u00e9claration d&rsquo;intention mais passe aussi aux actes) est incertain \u00e0 ce stade. \ud83d\ude10 Livre Blanc (Alternatives Territoriales) Points forts : forte motivation et volont\u00e9 de voir ce projet aboutir dans l&rsquo;optique des municipales, s&rsquo;ins\u00e8re dans la prolongation directe de la DEUC, cr\u00e9e des synergies entre diff\u00e9rents mouvements\/collectifs. Points n\u00e9gatifs : ne permet pas de toucher ni de recruter un nouveau public. \ud83d\ude00 Cordemais Points forts : campagne existante avec des actions d\u00e9j\u00e0 men\u00e9es, campagne locale. Points faibles : incertitude sur la motivation du groupe \u00e0 continuer cette campagne (\u00e0 discuter) \ud83d\ude00 Antipub Points forts : permet la mobilisation et le passage \u00e0 l&rsquo;action, rend visible le sujet de la pub, permet de changer le rapport de force, objectifs atteignables. Points faibles : RAS \ud83d\ude10 SRADET Points faibles : campagne encore floue, demande \u00e0 \u00eatre sp\u00e9cifi\u00e9e et bien expliquer les enjeux pour pouvoir recruter, passage \u00e0 l&rsquo;\u00e9chelon r\u00e9gional, pose la question de la marge de manoeuvre et de la capacit\u00e9 d&rsquo;influence que nous pourrons avoir Points forts : permet de se rendre plus visible et d&rsquo;accro\u00eetre notre cr\u00e9dibilit\u00e9 aupr\u00e8s des instances r\u00e9gionales, mont\u00e9e en comp\u00e9tence interne. \ud83d\ude00 Navions Tr\u00e8s strat\u00e9gique, local mais besoin d&rsquo;une forte impulsion de notre part \ud83d\ude00 D\u00e9crochons Macron GT sur le proc\u00e8s nantais \u00e0 d\u00e9marrer maintenant, ambitions \u00e0 r\u00e9\u00e9valuer en f\u00e9vrier \ud83d\ude10 Alternatibar Pas gros impact global mais pas besoin de beaucoup de ressources non plus \ud83d\ude10 Camp climat local Super projet mais qui prend toute la place\/l&rsquo;\u00e9nergie. Si on fait le camp climat, on ne peut pas faire grand chose d&rsquo;autre. \ud83d\ude10 Cin\u00e9-climat Points faibles : \u2022 Pas d&rsquo;impact direct sur les \u00e9missions de GES \u2022 Pas une grande visibilit\u00e9 \u00e0 l&rsquo;heure actuelle \u2022 Pas assez de monde aux s\u00e9ances organis\u00e9es en 2019 \u2022 Peu efficaces sur la com Points forts : \u2022 Plusieurs nouveaux b\u00e9n\u00e9voles qui ont envie de faire de la sensibilisation \u00e0 l&rsquo;\u00e9cologie via le cin\u00e9ma \u2022 De nouveaux objectifs \u00e9tablis en groupe en octobre pour am\u00e9liorer la sensibilisation, la visibilit\u00e9, et donc le passage \u00e0 l&rsquo;action \u2022 Synergie existante avec ATTAC notamment (toutes les derni\u00e8res s\u00e9ances ont \u00e9t\u00e9 co-organis\u00e9es avec eux), \u00e0 d\u00e9velopper avec d&rsquo;autres acteurs Id\u00e9es pour le futur : Am\u00e9liorer la communication autour des s\u00e9ances D\u00e9velopper des s\u00e9ances dans des lieux plus populaires (bars\/universit\u00e9s\/lyc\u00e9es\/MJC\/plein air\/etc)\/ faire venir plus de jeunes \/ un public moins acquis pour un vrai r\u00f4le de sensibilisation Suzanne est en socio \u00e0 Nantes et impliqu\u00e9e dans la vie associative &gt; voir quels \u00e9changes sont possibles ! Cr\u00e9er pourquoi pas des semaines th\u00e9matiques sur le climat (coll\u00e8ges\/lyc\u00e9es\/universit\u00e9s) &gt; Se mettre en relation avec les \u00e9co-d\u00e9l\u00e9gu\u00e9s (coll\u00e8ge\/lyc\u00e9es) \ud83d\ude0d L&rsquo;autre agenda nantais Points forts : inter-orga et volont\u00e9 de proposer une alternative aux GAFAM + projet grand public. Points faibles : encore trop peu de communication pour \u00e9valuer le poids du projet. \ud83d\ude00 By2020 Points forts : inter-orgra \/ volont\u00e9 de changer le syst\u00e8me Points faible : manque de lisibilit\u00e9 ? \ud83d\ude0d Les Bonnes R\u00e9(v)olutions Point forts : inter-orga et formation inter-asso Points faibles : disponibilit\u00e9s des orga.<\/p>\n","protected":false},"author":1,"featured_media":0,"parent":0,"menu_order":0,"comment_status":"closed","ping_status":"closed","template":"","meta":{"_bbp_topic_count":0,"_bbp_reply_count":0,"_bbp_total_topic_count":0,"_bbp_total_reply_count":0,"_bbp_voice_count":0,"_bbp_anonymous_reply_count":0,"_bbp_topic_count_hidden":0,"_bbp_reply_count_hidden":0,"_bbp_forum_subforum_count":0,"footnotes":""},"_links":{"self":[{"href":"https:\/\/alternatiba.eu\/nantes-oca\/wp-json\/wp\/v2\/pages\/7948"}],"collection":[{"href":"https:\/\/alternatiba.eu\/nantes-oca\/wp-json\/wp\/v2\/pages"}],"about":[{"href":"https:\/\/alternatiba.eu\/nantes-oca\/wp-json\/wp\/v2\/types\/page"}],"author":[{"embeddable":true,"href":"https:\/\/alternatiba.eu\/nantes-oca\/wp-json\/wp\/v2\/users\/1"}],"replies":[{"embeddable":true,"href":"https:\/\/alternatiba.eu\/nantes-oca\/wp-json\/wp\/v2\/comments?post=7948"}],"version-history":[{"count":8,"href":"https:\/\/alternatiba.eu\/nantes-oca\/wp-json\/wp\/v2\/pages\/7948\/revisions"}],"predecessor-version":[{"id":8047,"href":"https:\/\/alternatiba.eu\/nantes-oca\/wp-json\/wp\/v2\/pages\/7948\/revisions\/8047"}],"wp:attachment":[{"href":"https:\/\/alternatiba.eu\/nantes-oca\/wp-json\/wp\/v2\/media?parent=7948"}],"curies":[{"name":"wp","href":"https:\/\/api.w.org\/{rel}","templated":true}]}}