{"id":7931,"date":"2020-01-03T18:29:04","date_gmt":"2020-01-03T17:29:04","guid":{"rendered":"https:\/\/alternatiba.eu\/nantes-oca\/?page_id=7931"},"modified":"2022-05-29T23:08:21","modified_gmt":"2022-05-29T21:08:21","slug":"organigramme-2","status":"publish","type":"page","link":"https:\/\/alternatiba.eu\/nantes-oca\/organigramme-2\/","title":{"rendered":"Organigramme"},"content":{"rendered":"\n<figure class=\"wp-block-image size-large\"><img loading=\"lazy\" decoding=\"async\" width=\"1024\" height=\"473\" src=\"https:\/\/alternatiba.eu\/nantes-oca\/wp-content\/uploads\/2020\/01\/Slides-OCA-e1578088599815-1024x473.png\" alt=\"\" class=\"wp-image-7968\" srcset=\"https:\/\/alternatiba.eu\/nantes-oca\/wp-content\/uploads\/2020\/01\/Slides-OCA-e1578088599815-1024x473.png 1024w, https:\/\/alternatiba.eu\/nantes-oca\/wp-content\/uploads\/2020\/01\/Slides-OCA-e1578088599815-300x139.png 300w, https:\/\/alternatiba.eu\/nantes-oca\/wp-content\/uploads\/2020\/01\/Slides-OCA-e1578088599815-768x355.png 768w, https:\/\/alternatiba.eu\/nantes-oca\/wp-content\/uploads\/2020\/01\/Slides-OCA-e1578088599815-100x46.png 100w, https:\/\/alternatiba.eu\/nantes-oca\/wp-content\/uploads\/2020\/01\/Slides-OCA-e1578088599815-1320x610.png 1320w, https:\/\/alternatiba.eu\/nantes-oca\/wp-content\/uploads\/2020\/01\/Slides-OCA-e1578088599815.png 1378w\" sizes=\"(max-width: 1024px) 100vw, 1024px\" \/><\/figure>\n\n\n\n<h3 class=\"wp-block-heading\">Repr\u00e9sentant\u22c5es l\u00e9gaux<\/h3>\n\n\n\n<p>Par choix collectif, nos repr\u00e9sentant\u22c5es l\u00e9gaux se d\u00e9vouent pour quelques formalit\u00e9s administratives mais n&rsquo;ont pas plus de pouvoir de d\u00e9cision que les autres membres !<\/p>\n\n\n\n<p> <a class='bp-suggestions-mention' href='https:\/\/alternatiba.eu\/nantes-oca\/membres\/eloo\/' rel='nofollow'>@eloo<\/a> : <a href=\"https:\/\/alternatiba.eu\/nantes-oca\/membres\/eloo\/profile\"><img loading=\"lazy\" decoding=\"async\" src=\"https:\/\/alternatiba.eu\/nantes-oca\/wp-content\/uploads\/avatars\/15\/5d75454d280ac-bpfull.jpg\" style=\"border-radius: 100%;\" width=\"90\" height=\"90\"  \/><\/a> , <a class='bp-suggestions-mention' href='https:\/\/alternatiba.eu\/nantes-oca\/membres\/zoej\/' rel='nofollow'>@zoej<\/a> : <a href=\"https:\/\/alternatiba.eu\/nantes-oca\/membres\/zoej\/profile\"><img loading=\"lazy\" decoding=\"async\" src=\"\/\/www.gravatar.com\/avatar\/d5d2b9326f47f060f9648ff21dd49f67?s=210&#038;r=g&#038;d=mm\" style=\"border-radius: 100%;\" width=\"90\" height=\"90\"  \/><\/a>, <a class='bp-suggestions-mention' href='https:\/\/alternatiba.eu\/nantes-oca\/membres\/anto\/' rel='nofollow'>@anto<\/a> : <a href=\"https:\/\/alternatiba.eu\/nantes-oca\/membres\/anto\/profile\"><img loading=\"lazy\" decoding=\"async\" src=\"https:\/\/alternatiba.eu\/nantes-oca\/wp-content\/uploads\/avatars\/14\/5d76a57718212-bpfull.jpg\" style=\"border-radius: 100%;\" width=\"90\" height=\"90\"  \/><\/a>, <a class='bp-suggestions-mention' href='https:\/\/alternatiba.eu\/nantes-oca\/membres\/milena\/' rel='nofollow'>@milena<\/a> : <a href=\"https:\/\/alternatiba.eu\/nantes-oca\/membres\/milena\/profile\"><img loading=\"lazy\" decoding=\"async\" src=\"https:\/\/alternatiba.eu\/nantes-oca\/wp-content\/uploads\/avatars\/23\/5d9504b79dd2e-bpfull.jpg\" style=\"border-radius: 100%;\" width=\"90\" height=\"90\"  \/><\/a>, @remido : <a href=\"https:\/\/alternatiba.eu\/nantes-oca\/membres\/remi-donaintgmail-com\/profile\"><img loading=\"lazy\" decoding=\"async\" src=\"https:\/\/alternatiba.eu\/nantes-oca\/wp-content\/uploads\/avatars\/4\/5db0b31729e7c-bpfull.jpg\" style=\"border-radius: 100%;\" width=\"90\" height=\"90\"  \/><\/a>, <a class='bp-suggestions-mention' href='https:\/\/alternatiba.eu\/nantes-oca\/membres\/benji\/' rel='nofollow'>@benji<\/a> : <a href=\"https:\/\/alternatiba.eu\/nantes-oca\/membres\/benji\/profile\"><img loading=\"lazy\" decoding=\"async\" src=\"https:\/\/alternatiba.eu\/nantes-oca\/wp-content\/uploads\/avatars\/30\/5d9501dc95c5d-bpfull.jpg\" style=\"border-radius: 100%;\" width=\"90\" height=\"90\"  \/><\/a>\n\n\n\n<h3 class=\"wp-block-heading\">R\u00e9f\u00e9rent\u22c5es comptabilit\u00e9<\/h3>\n\n\n\n<p>Le mec sexy de la compta, c&rsquo;est lui !  -&gt; <a class='bp-suggestions-mention' href='https:\/\/alternatiba.eu\/nantes-oca\/membres\/benji\/' rel='nofollow'>@benji<\/a> : <a href=\"https:\/\/alternatiba.eu\/nantes-oca\/membres\/benji\/profile\"><img loading=\"lazy\" decoding=\"async\" src=\"https:\/\/alternatiba.eu\/nantes-oca\/wp-content\/uploads\/avatars\/30\/5d9501dc95c5d-bpfull.jpg\" style=\"border-radius: 100%;\" width=\"90\" height=\"90\"  \/><\/a>\n\n\n\n<h2 class=\"wp-block-heading\">Groupes de travail<\/h2>\n\n\n\n<p>M\u00eame si vous allez retrouver les groupes de travail dans le diagramme ci-dessus, il y a un principe sur OCA : les <strong>r\u00e9f\u00e9rents sont administrateurs <\/strong>des groupes, les <strong>membres font partie du groupe<\/strong>. Les membres actifs sont ceux qui postent des activit\u00e9s dans le fil d&rsquo;actus.<\/p>\n\n\n\n<p>Les r\u00e9f\u00e9rents (en bin\u00f4me de pr\u00e9f\u00e9rence) ont un r\u00f4le de facilitateurs, ils sont l\u00e0 pour animer le groupe. Les membres moteurs vont \u00eatre responsables de t\u00e2ches, et les membres suiveurs effectuent des t\u00e2ches.<\/p>\n\n\n\n<div class=\"wp-block-image\"><figure class=\"aligncenter size-large is-resized\"><a href=\"https:\/\/alternatiba.eu\/nantes-oca\/groupes\/\"><img loading=\"lazy\" decoding=\"async\" src=\"https:\/\/alternatiba.eu\/nantes-oca\/wp-content\/uploads\/2020\/01\/Slides-OCA-GT-1024x640.png\" data-rel=\"prettyPhoto[image-7931]\" alt=\"Groupes de travail\" class=\"wp-image-7969\" width=\"204\" height=\"128\" srcset=\"https:\/\/alternatiba.eu\/nantes-oca\/wp-content\/uploads\/2020\/01\/Slides-OCA-GT-1024x640.png 1024w, https:\/\/alternatiba.eu\/nantes-oca\/wp-content\/uploads\/2020\/01\/Slides-OCA-GT-300x188.png 300w, https:\/\/alternatiba.eu\/nantes-oca\/wp-content\/uploads\/2020\/01\/Slides-OCA-GT-768x480.png 768w, https:\/\/alternatiba.eu\/nantes-oca\/wp-content\/uploads\/2020\/01\/Slides-OCA-GT-100x63.png 100w, https:\/\/alternatiba.eu\/nantes-oca\/wp-content\/uploads\/2020\/01\/Slides-OCA-GT-1320x825.png 1320w, https:\/\/alternatiba.eu\/nantes-oca\/wp-content\/uploads\/2020\/01\/Slides-OCA-GT.png 1440w\" sizes=\"(max-width: 204px) 100vw, 204px\" \/><span class=\"lightbox-hover\"><\/span><\/a><figcaption class=\"aligncenter\">Voir la page <a href=\"https:\/\/alternatiba.eu\/nantes-oca\/groupes\/\">Groupes de travail<\/a><\/figcaption><\/figure><\/div>\n\n\n\n<h3 class=\"wp-block-heading\">Communication externe<\/h3>\n\n\n\n<h4 class=\"wp-block-heading\">Facebook<\/h4>\n\n\n\n<p>Alternatiba : <a class='bp-suggestions-mention' href='https:\/\/alternatiba.eu\/nantes-oca\/membres\/thomasd\/' rel='nofollow'>@thomasd<\/a>, <a class='bp-suggestions-mention' href='https:\/\/alternatiba.eu\/nantes-oca\/membres\/remi-donaintgmail-com\/' rel='nofollow'>@remi-donaintgmail-com<\/a>, <a class='bp-suggestions-mention' href='https:\/\/alternatiba.eu\/nantes-oca\/membres\/sophiec\/' rel='nofollow'>@sophiec<\/a><\/p>\n\n\n\n<p>GIGNV : <a class='bp-suggestions-mention' href='https:\/\/alternatiba.eu\/nantes-oca\/membres\/remi-donaintgmail-com\/' rel='nofollow'>@remi-donaintgmail-com<\/a><\/p>\n\n\n\n<h4 class=\"wp-block-heading\">Instagram<\/h4>\n\n\n\n<p><a class='bp-suggestions-mention' href='https:\/\/alternatiba.eu\/nantes-oca\/membres\/sophiec\/' rel='nofollow'>@sophiec<\/a><\/p>\n\n\n\n<h4 class=\"wp-block-heading\">Twitter<\/h4>\n\n\n\n<p>Alternatiba : <a class='bp-suggestions-mention' href='https:\/\/alternatiba.eu\/nantes-oca\/membres\/benji\/' rel='nofollow'>@benji<\/a>, <a class='bp-suggestions-mention' href='https:\/\/alternatiba.eu\/nantes-oca\/membres\/remi-donaintgmail-com\/' rel='nofollow'>@remi-donaintgmail-com<\/a><\/p>\n\n\n\n<p>GIGNV : <a class='bp-suggestions-mention' href='https:\/\/alternatiba.eu\/nantes-oca\/membres\/benji\/' rel='nofollow'>@benji<\/a>, <a class='bp-suggestions-mention' href='https:\/\/alternatiba.eu\/nantes-oca\/membres\/remi-donaintgmail-com\/' rel='nofollow'>@remi-donaintgmail-com<\/a>, <a class='bp-suggestions-mention' href='https:\/\/alternatiba.eu\/nantes-oca\/membres\/paulined\/' rel='nofollow'>@paulined<\/a><\/p>\n\n\n\n<h4 class=\"wp-block-heading\">Site Web<\/h4>\n\n\n\n<p>Alternatiba : <a class='bp-suggestions-mention' href='https:\/\/alternatiba.eu\/nantes-oca\/membres\/thomasd\/' rel='nofollow'>@thomasd<\/a><\/p>\n\n\n\n<p>GIGNV : <a class='bp-suggestions-mention' href='https:\/\/alternatiba.eu\/nantes-oca\/membres\/remi-donaintgmail-com\/' rel='nofollow'>@remi-donaintgmail-com<\/a><\/p>\n\n\n\n<h4 class=\"wp-block-heading\">Youtube<\/h4>\n\n\n\n<p> (acc\u00e8s en cours de r\u00e9cup\u00e9ration) <\/p>\n\n\n\n<h4 class=\"wp-block-heading\">Newsletter<\/h4>\n\n\n\n<p><a class='bp-suggestions-mention' href='https:\/\/alternatiba.eu\/nantes-oca\/membres\/thomasd\/' rel='nofollow'>@thomasd<\/a>, <a class='bp-suggestions-mention' href='https:\/\/alternatiba.eu\/nantes-oca\/membres\/benji\/' rel='nofollow'>@benji<\/a>, <a class='bp-suggestions-mention' href='https:\/\/alternatiba.eu\/nantes-oca\/membres\/remi-donaintgmail-com\/' rel='nofollow'>@remi-donaintgmail-com<\/a><\/p>\n\n\n\n<h3 class=\"wp-block-heading\">Communication Interne<\/h3>\n\n\n\n<h4 class=\"wp-block-heading\">OCA<\/h4>\n\n\n\n<p><a class='bp-suggestions-mention' href='https:\/\/alternatiba.eu\/nantes-oca\/membres\/thomasd\/' rel='nofollow'>@thomasd<\/a><\/p>\n","protected":false},"excerpt":{"rendered":"<p>Repr\u00e9sentant\u22c5es l\u00e9gaux Par choix collectif, nos repr\u00e9sentant\u22c5es l\u00e9gaux se d\u00e9vouent pour quelques formalit\u00e9s administratives mais n&rsquo;ont pas plus de pouvoir de d\u00e9cision que les autres membres ! @eloo : , @zoej : , @anto : , @milena : , @remido : , @benji : R\u00e9f\u00e9rent\u22c5es comptabilit\u00e9 Le mec sexy de la compta, c&rsquo;est lui ! -&gt; @benji : Groupes de travail M\u00eame si vous allez retrouver les groupes de travail dans le diagramme ci-dessus, il y a un principe sur OCA : les r\u00e9f\u00e9rents sont administrateurs des groupes, les membres font partie du groupe. Les membres actifs sont ceux qui postent des activit\u00e9s dans le fil d&rsquo;actus. Les r\u00e9f\u00e9rents (en bin\u00f4me de pr\u00e9f\u00e9rence) ont un r\u00f4le de facilitateurs, ils sont l\u00e0 pour animer le groupe. Les membres moteurs vont \u00eatre responsables de t\u00e2ches, et les membres suiveurs effectuent des t\u00e2ches. Voir la page Groupes de travail Communication externe Facebook Alternatiba : @thomasd, @remi-donaintgmail-com, @sophiec GIGNV : @remi-donaintgmail-com Instagram @sophiec Twitter Alternatiba : @benji, @remi-donaintgmail-com GIGNV : @benji, @remi-donaintgmail-com, @paulined Site Web Alternatiba : @thomasd GIGNV : @remi-donaintgmail-com Youtube (acc\u00e8s en cours de r\u00e9cup\u00e9ration) Newsletter @thomasd, @benji, @remi-donaintgmail-com Communication Interne OCA @thomasd<\/p>\n","protected":false},"author":1,"featured_media":0,"parent":0,"menu_order":0,"comment_status":"closed","ping_status":"closed","template":"","meta":{"_bbp_topic_count":0,"_bbp_reply_count":0,"_bbp_total_topic_count":0,"_bbp_total_reply_count":0,"_bbp_voice_count":0,"_bbp_anonymous_reply_count":0,"_bbp_topic_count_hidden":0,"_bbp_reply_count_hidden":0,"_bbp_forum_subforum_count":0,"footnotes":""},"_links":{"self":[{"href":"https:\/\/alternatiba.eu\/nantes-oca\/wp-json\/wp\/v2\/pages\/7931"}],"collection":[{"href":"https:\/\/alternatiba.eu\/nantes-oca\/wp-json\/wp\/v2\/pages"}],"about":[{"href":"https:\/\/alternatiba.eu\/nantes-oca\/wp-json\/wp\/v2\/types\/page"}],"author":[{"embeddable":true,"href":"https:\/\/alternatiba.eu\/nantes-oca\/wp-json\/wp\/v2\/users\/1"}],"replies":[{"embeddable":true,"href":"https:\/\/alternatiba.eu\/nantes-oca\/wp-json\/wp\/v2\/comments?post=7931"}],"version-history":[{"count":22,"href":"https:\/\/alternatiba.eu\/nantes-oca\/wp-json\/wp\/v2\/pages\/7931\/revisions"}],"predecessor-version":[{"id":8108,"href":"https:\/\/alternatiba.eu\/nantes-oca\/wp-json\/wp\/v2\/pages\/7931\/revisions\/8108"}],"wp:attachment":[{"href":"https:\/\/alternatiba.eu\/nantes-oca\/wp-json\/wp\/v2\/media?parent=7931"}],"curies":[{"name":"wp","href":"https:\/\/api.w.org\/{rel}","templated":true}]}}