{"id":7771,"date":"2019-11-24T00:01:17","date_gmt":"2019-11-23T23:01:17","guid":{"rendered":"https:\/\/alternatiba.eu\/nantes-oca\/?page_id=7771"},"modified":"2022-05-29T23:09:38","modified_gmt":"2022-05-29T21:09:38","slug":"compte-rendus-de-coordo-strategie","status":"publish","type":"page","link":"https:\/\/alternatiba.eu\/nantes-oca\/compte-rendus-de-coordo-strategie\/","title":{"rendered":"Coordinations g\u00e9n\u00e9rales et strat\u00e9giques"},"content":{"rendered":"\n<figure class=\"wp-block-image size-large is-resized\"><img decoding=\"async\" src=\"https:\/\/alternatiba.eu\/nantes-oca\/wp-content\/uploads\/2021\/11\/TitresOCA-1024x640.png\" alt=\"\" class=\"wp-image-8743\" width=\"445\" srcset=\"https:\/\/alternatiba.eu\/nantes-oca\/wp-content\/uploads\/2021\/11\/TitresOCA-1024x640.png 1024w, https:\/\/alternatiba.eu\/nantes-oca\/wp-content\/uploads\/2021\/11\/TitresOCA-300x188.png 300w, https:\/\/alternatiba.eu\/nantes-oca\/wp-content\/uploads\/2021\/11\/TitresOCA-768x480.png 768w, https:\/\/alternatiba.eu\/nantes-oca\/wp-content\/uploads\/2021\/11\/TitresOCA-1320x825.png 1320w, https:\/\/alternatiba.eu\/nantes-oca\/wp-content\/uploads\/2021\/11\/TitresOCA.png 1440w\" sizes=\"(max-width: 1024px) 100vw, 1024px\" \/><\/figure>\n\n\n\n<p>La coordination d&rsquo;Alternatiba sert \u00e0 traiter les sujets communs (qui concernent le collectif), synchroniser les groupes de travail locaux pour \u00eatre plus efficace et amener de l&rsquo;intelligence collective dans tous les groupes.<\/p>\n\n\n\n<p>Voici les prochaines coordinations (n&rsquo;h\u00e9sitez pas \u00e0 vous inscrire pour l&rsquo;animer ou prendre le CR en modifiant la page et en notant votre nom dans le champ \u00ab\u00a0Animation\u00a0\u00bb ou \u00ab\u00a0Compte rendu\u00a0\u00bb \u00e0 droite en haut de la page)<\/p>\n\n\n<div class=\"em em-view-container\" id=\"em-view-1511574080\" data-view=\"list\">\r\n\t<div class=\"em pixelbones em-list em-events-list\" id=\"em-events-list-1511574080\" data-view-id=\"1511574080\">\r\n\tPas de r\u00e9union pr\u00e9vue pour le moment, les b\u00e9n\u00e9voles sont trop occup\u00e9s sur le terrain \ud83d\ude42\t<\/div>\r\n<\/div>\n\n\n\n<div style=\"height:100px\" aria-hidden=\"true\" class=\"wp-block-spacer\"><\/div>\n\n\n\n<figure class=\"wp-block-image size-large\"><img loading=\"lazy\" decoding=\"async\" width=\"445\" height=\"278\" src=\"https:\/\/alternatiba.eu\/nantes-oca\/wp-content\/uploads\/2020\/02\/R\u00e9u-de-coordo.png\" alt=\"\" class=\"wp-image-8176\" srcset=\"https:\/\/alternatiba.eu\/nantes-oca\/wp-content\/uploads\/2020\/02\/R\u00e9u-de-coordo.png 445w, https:\/\/alternatiba.eu\/nantes-oca\/wp-content\/uploads\/2020\/02\/R\u00e9u-de-coordo-300x187.png 300w, https:\/\/alternatiba.eu\/nantes-oca\/wp-content\/uploads\/2020\/02\/R\u00e9u-de-coordo-100x62.png 100w\" sizes=\"(max-width: 445px) 100vw, 445px\" \/><\/figure>\n\n\n\n<p><\/p>\n\n\n\n<p>Voici la liste des derniers comptes rendus de r\u00e9union de coordination :<\/p>\n\n\n<div class=\"em em-view-container\" id=\"em-view-375414175\" data-view=\"list\">\r\n\t<div class=\"em pixelbones em-list em-events-list\" id=\"em-events-list-375414175\" data-view-id=\"375414175\">\r\n\t<table class=\"events-table\" >\r\n    <thead>\r\n        <tr>\r\n\t\t\t<th class=\"event-time\" scope=\"col\">Liste des r\u00e9unions<\/th>\r\n<th  style=\"width:10%\">Animation<\/th>\r\n<th style=\"width:10%\">Compte rendu<\/th>\r\n\t\t<\/tr>\r\n   \t<\/thead>\r\n    <tbody><tr>\r\n\t\t\t<td>\r\n                <b>12\/06\/2024<\/b> : <a href=\"https:\/\/alternatiba.eu\/nantes-oca\/events\/juin-reunion-de-coordination-alternatiba-nantes-et-gignv\/\">Juin \u2013 R\u00e9union de coordination Alternatiba Nantes et GIGNV<\/a>\r\n            <\/td>\r\n            <td>\r\n\r\n            <\/td>\r\n            <td>\r\n\r\n            <\/td>\r\n        <\/tr><tr>\r\n\t\t\t<td>\r\n                <b>13\/05\/2024<\/b> : <a href=\"https:\/\/alternatiba.eu\/nantes-oca\/events\/mai-reunion-de-coordination-alternatiba-nantes-et-gignv\/\">Mai \u2013 R\u00e9union de coordination Alternatiba Nantes et GIGNV<\/a>\r\n            <\/td>\r\n            <td>\r\n\r\n            <\/td>\r\n            <td>\r\n\r\n            <\/td>\r\n        <\/tr><tr>\r\n\t\t\t<td>\r\n                <b>10\/04\/2024 - 11\/04\/2024<\/b> : <a href=\"https:\/\/alternatiba.eu\/nantes-oca\/events\/avril-reunion-de-coordination-alternatiba-nantes-et-gignv\/\">Avril \u2013 R\u00e9union de coordination Alternatiba Nantes et GIGNV<\/a>\r\n            <\/td>\r\n            <td>\r\n\r\n            <\/td>\r\n            <td>\r\n\r\n            <\/td>\r\n        <\/tr><tr>\r\n\t\t\t<td>\r\n                <b>12\/03\/2024<\/b> : <a href=\"https:\/\/alternatiba.eu\/nantes-oca\/events\/mars-reunion-de-coordination-alternatiba-nantes-et-gignv-2\/\">Mars \u2013 R\u00e9union de coordination Alternatiba Nantes et GIGNV<\/a>\r\n            <\/td>\r\n            <td>\r\nFanny Morel\r\n            <\/td>\r\n            <td>\r\nSimon\r\n            <\/td>\r\n        <\/tr><tr>\r\n\t\t\t<td>\r\n                <b>12\/02\/2024<\/b> : <a href=\"https:\/\/alternatiba.eu\/nantes-oca\/events\/fevrier-reunion-de-coordination-alternatiba-nantes-et-gignv-2\/\">F\u00e9vrier \u2013 R\u00e9union de coordination Alternatiba Nantes et GIGNV<\/a>\r\n            <\/td>\r\n            <td>\r\nR\u00e9mi\r\n            <\/td>\r\n            <td>\r\nAntoine\r\n            <\/td>\r\n        <\/tr><tr>\r\n\t\t\t<td>\r\n                <b>12\/02\/2024<\/b> : <a href=\"https:\/\/alternatiba.eu\/nantes-oca\/events\/fevrier-reunion-de-coordination-alternatiba-nantes-ag\/\">F\u00e9vrier \u2013 R\u00e9union de coordination Alternatiba Nantes (AG)<\/a>\r\n            <\/td>\r\n            <td>\r\nR\u00e9mi\r\n            <\/td>\r\n            <td>\r\nAntoine\r\n            <\/td>\r\n        <\/tr><tr>\r\n\t\t\t<td>\r\n                <b>10\/01\/2024<\/b> : <a href=\"https:\/\/alternatiba.eu\/nantes-oca\/events\/janvier-reunion-de-coordination-alternatiba-nantes-et-gignv-2\/\">Janvier \u2013 R\u00e9union de coordination Alternatiba Nantes et GIGNV<\/a>\r\n            <\/td>\r\n            <td>\r\nSvend\r\n            <\/td>\r\n            <td>\r\nMaxime\r\n            <\/td>\r\n        <\/tr><tr>\r\n\t\t\t<td>\r\n                <b>12\/12\/2023<\/b> : <a href=\"https:\/\/alternatiba.eu\/nantes-oca\/events\/decembre-2023-reunion-de-coordination-alternatiba-nantes-et-gignv\/\">D\u00e9cembre 2023 \u2013 R\u00e9union de coordination Alternatiba Nantes et GIGNV<\/a>\r\n            <\/td>\r\n            <td>\r\nAntoine \r\n            <\/td>\r\n            <td>\r\nNathan \r\n            <\/td>\r\n        <\/tr><tr>\r\n\t\t\t<td>\r\n                <b>15\/11\/2023<\/b> : <a href=\"https:\/\/alternatiba.eu\/nantes-oca\/events\/novembre-2023-reunion-de-coordination-alternatiba-nantes-et-gignv\/\">Novembre 2023 \u2013 R\u00e9union de coordination Alternatiba Nantes et GIGNV<\/a>\r\n            <\/td>\r\n            <td>\r\nSophie J\r\n            <\/td>\r\n            <td>\r\nAnto\r\n            <\/td>\r\n        <\/tr><tr>\r\n\t\t\t<td>\r\n                <b>12\/10\/2023<\/b> : <a href=\"https:\/\/alternatiba.eu\/nantes-oca\/events\/octobre-2023-reunion-de-coordination-alternatiba-nantes-et-gignv\/\">Octobre 2023 \u2013 R\u00e9union de coordination Alternatiba Nantes et GIGNV<\/a>\r\n            <\/td>\r\n            <td>\r\nR\u00e9mi\r\n            <\/td>\r\n            <td>\r\nAnne-Sophie\r\n            <\/td>\r\n        <\/tr><tr>\r\n\t\t\t<td>\r\n                <b>12\/09\/2023<\/b> : <a href=\"https:\/\/alternatiba.eu\/nantes-oca\/events\/septembre-2023-reunion-de-coordination-alternatiba-nantes-et-gignv\/\">Septembre 2023 \u2013 R\u00e9union de coordination Alternatiba Nantes et GIGNV<\/a>\r\n            <\/td>\r\n            <td>\r\nAntoine\r\n            <\/td>\r\n            <td>\r\nColin\r\n            <\/td>\r\n        <\/tr><tr>\r\n\t\t\t<td>\r\n                <b>19\/07\/2023<\/b> : <a href=\"https:\/\/alternatiba.eu\/nantes-oca\/events\/juillet-2023-reunion-de-coordination-alternatiba-nantes-et-gignv\/\">Juillet 2023 \u2013 R\u00e9union de coordination Alternatiba Nantes et GIGNV<\/a>\r\n            <\/td>\r\n            <td>\r\nAntoine\r\n            <\/td>\r\n            <td>\r\nSamuel\r\n            <\/td>\r\n        <\/tr><tr>\r\n\t\t\t<td>\r\n                <b>20\/06\/2023<\/b> : <a href=\"https:\/\/alternatiba.eu\/nantes-oca\/events\/juin-2023-reunion-de-coordination-alternatiba-nantes-et-gignv\/\">Juin 2023 \u2013 R\u00e9union de coordination Alternatiba Nantes et GIGNV<\/a>\r\n            <\/td>\r\n            <td>\r\nMargot\r\n            <\/td>\r\n            <td>\r\nPierre\r\n            <\/td>\r\n        <\/tr><tr>\r\n\t\t\t<td>\r\n                <b>23\/05\/2023<\/b> : <a href=\"https:\/\/alternatiba.eu\/nantes-oca\/events\/mai-2023-reunion-de-coordination-alternatiba-nantes-et-gignv\/\">Mai 2023 \u2013 R\u00e9union de coordination Alternatiba Nantes et GIGNV<\/a>\r\n            <\/td>\r\n            <td>\r\nH\u00e9lo\u00efse \/ Gaspard\r\n            <\/td>\r\n            <td>\r\nH\u00e9lo\u00efse \/ Gaspard\r\n            <\/td>\r\n        <\/tr><tr>\r\n\t\t\t<td>\r\n                <b>20\/04\/2023<\/b> : <a href=\"https:\/\/alternatiba.eu\/nantes-oca\/events\/avril-2023-reunion-de-coordination-alternatiba-nantes-et-gignv\/\">Avril 2023 \u2013 R\u00e9union de coordination Alternatiba Nantes et GIGNV<\/a>\r\n            <\/td>\r\n            <td>\r\nR\u00e9mi\r\n            <\/td>\r\n            <td>\r\nAgathe\r\n            <\/td>\r\n        <\/tr><tr>\r\n\t\t\t<td>\r\n                <b>21\/03\/2023<\/b> : <a href=\"https:\/\/alternatiba.eu\/nantes-oca\/events\/mars-reunion-de-coordination-alternatiba-nantes-et-gignv\/\">Mars \u2013 R\u00e9union de coordination Alternatiba Nantes et GIGNV<\/a>\r\n            <\/td>\r\n            <td>\r\nAnto\r\n            <\/td>\r\n            <td>\r\nBrieuc\r\n            <\/td>\r\n        <\/tr><tr>\r\n\t\t\t<td>\r\n                <b>12\/03\/2023<\/b> : <a href=\"https:\/\/alternatiba.eu\/nantes-oca\/events\/coordo-strategique-12-mars-2023\/\">Coordo strat\u00e9gique 12 Mars 2023<\/a>\r\n            <\/td>\r\n            <td>\r\nThomas\r\n            <\/td>\r\n            <td>\r\nAntoine\r\n            <\/td>\r\n        <\/tr><tr>\r\n\t\t\t<td>\r\n                <b>21\/02\/2023<\/b> : <a href=\"https:\/\/alternatiba.eu\/nantes-oca\/events\/fevrier-reunion-de-coordination-alternatiba-nantes-et-gignv\/\">F\u00e9vrier \u2013 R\u00e9union de coordination Alternatiba Nantes et GIGNV<\/a>\r\n            <\/td>\r\n            <td>\r\nThomas\r\n            <\/td>\r\n            <td>\r\nMaxime\r\n            <\/td>\r\n        <\/tr><tr>\r\n\t\t\t<td>\r\n                <b>19\/01\/2023<\/b> : <a href=\"https:\/\/alternatiba.eu\/nantes-oca\/events\/janvier-reunion-de-coordination-alternatiba-nantes-et-gignv\/\">Janvier \u2013 R\u00e9union de coordination Alternatiba Nantes et GIGNV<\/a>\r\n            <\/td>\r\n            <td>\r\nAntoine\r\n            <\/td>\r\n            <td>\r\nSamuel\r\n            <\/td>\r\n        <\/tr><tr>\r\n\t\t\t<td>\r\n                <b>14\/12\/2022<\/b> : <a href=\"https:\/\/alternatiba.eu\/nantes-oca\/events\/decembre-reunion-de-coordination-alternatiba-nantes-et-gignv\/\">D\u00e9cembre \u2013 R\u00e9union de coordination Alternatiba Nantes et GIGNV<\/a>\r\n            <\/td>\r\n            <td>\r\nColin\r\n            <\/td>\r\n            <td>\r\nLo\u00e4ne\r\n            <\/td>\r\n        <\/tr><tr>\r\n\t\t\t<td>\r\n                <b>21\/11\/2022<\/b> : <a href=\"https:\/\/alternatiba.eu\/nantes-oca\/events\/novembre-reunion-de-coordination-alternatiba-nantes-et-gignv\/\">Novembre \u2013 R\u00e9union de coordination Alternatiba Nantes et GIGNV<\/a>\r\n            <\/td>\r\n            <td>\r\nGaspard\r\n            <\/td>\r\n            <td>\r\nBenji\r\n            <\/td>\r\n        <\/tr><tr>\r\n\t\t\t<td>\r\n                <b>20\/10\/2022<\/b> : <a href=\"https:\/\/alternatiba.eu\/nantes-oca\/events\/octobre-reunion-de-coordination-alternatiba-nantes-et-gignv\/\">Octobre \u2013 R\u00e9union de coordination Alternatiba Nantes et GIGNV<\/a>\r\n            <\/td>\r\n            <td>\r\nR\u00e9mi\r\n            <\/td>\r\n            <td>\r\nAlison\r\n            <\/td>\r\n        <\/tr><tr>\r\n\t\t\t<td>\r\n                <b>21\/09\/2022<\/b> : <a href=\"https:\/\/alternatiba.eu\/nantes-oca\/events\/septembre-reunion-de-coordination-alternatiba-nantes-et-gignv\/\">Septembre \u2013 R\u00e9union de coordination Alternatiba Nantes et GIGNV<\/a>\r\n            <\/td>\r\n            <td>\r\nGwendo\r\n            <\/td>\r\n            <td>\r\nSimon\r\n            <\/td>\r\n        <\/tr><tr>\r\n\t\t\t<td>\r\n                <b>31\/08\/2022<\/b> : <a href=\"https:\/\/alternatiba.eu\/nantes-oca\/events\/aout-reunion-de-coordination-alternatiba-nantes-et-gignv\/\">Ao\u00fbt \u2013 R\u00e9union de coordination Alternatiba Nantes et GIGNV<\/a>\r\n            <\/td>\r\n            <td>\r\nAntho\r\n            <\/td>\r\n            <td>\r\nColin\r\n            <\/td>\r\n        <\/tr><tr>\r\n\t\t\t<td>\r\n                <b>21\/07\/2022<\/b> : <a href=\"https:\/\/alternatiba.eu\/nantes-oca\/events\/juillet-reunion-de-coordination-alternatiba-nantes-et-gignv\/\">Juillet \u2013 R\u00e9union de coordination Alternatiba Nantes et GIGNV<\/a>\r\n            <\/td>\r\n            <td>\r\nPierre\r\n            <\/td>\r\n            <td>\r\nFanny\r\n            <\/td>\r\n        <\/tr><tr>\r\n\t\t\t<td>\r\n                <b>22\/06\/2022<\/b> : <a href=\"https:\/\/alternatiba.eu\/nantes-oca\/events\/juin-reunion-de-coordination-alternatiba-3\/\">Juin \u2013 R\u00e9union de coordination Alternatiba et GIGNV<\/a>\r\n            <\/td>\r\n            <td>\r\nMargot \/ Antoine\r\n            <\/td>\r\n            <td>\r\nAntoine \/ Margot\r\n            <\/td>\r\n        <\/tr><tr>\r\n\t\t\t<td>\r\n                <b>18\/06\/2022<\/b> : <a href=\"https:\/\/alternatiba.eu\/nantes-oca\/events\/coordination-strategique-de-juin-2022\/\">Coordination strat\u00e9gique de juin 2022<\/a>\r\n            <\/td>\r\n            <td>\r\nGwendo \/ Nico \/ R\u00e9mi\r\n            <\/td>\r\n            <td>\r\nGwendo \/ Nico \/ R\u00e9mi\r\n            <\/td>\r\n        <\/tr><tr>\r\n\t\t\t<td>\r\n                <b>19\/05\/2022<\/b> : <a href=\"https:\/\/alternatiba.eu\/nantes-oca\/events\/reunion-de-coordination-generale-mai-2022\/\">Mai \u2013 R\u00e9union de coordination Alternatiba et GIGNV<\/a>\r\n            <\/td>\r\n            <td>\r\nNico \/ R\u00e9mi\r\n            <\/td>\r\n            <td>\r\nNico \/ R\u00e9mi\r\n            <\/td>\r\n        <\/tr><tr>\r\n\t\t\t<td>\r\n                <b>21\/04\/2022<\/b> : <a href=\"https:\/\/alternatiba.eu\/nantes-oca\/events\/avril-reunion-de-coordination-alternatiba-3\/\">Avril \u2013 R\u00e9union de coordination Alternatiba et GIGNV<\/a>\r\n            <\/td>\r\n            <td>\r\nRako\r\n            <\/td>\r\n            <td>\r\nMargot ?\r\n            <\/td>\r\n        <\/tr><tr>\r\n\t\t\t<td>\r\n                <b>21\/03\/2022<\/b> : <a href=\"https:\/\/alternatiba.eu\/nantes-oca\/events\/mars-2022-reunion-de-coordination-alternatiba\/\">Mars \u2013 R\u00e9union de coordination Alternatiba et GIGNV<\/a>\r\n            <\/td>\r\n            <td>\r\nAnto \/ Sophie J\r\n            <\/td>\r\n            <td>\r\nAnto \/ Sophie J\r\n            <\/td>\r\n        <\/tr><\/tbody><\/table><div class=\"em-pagination em-ajax\" data-em-ajax=\"id=375414175&amp;scope=past&amp;order=DESC&amp;tag=coordo&amp;action=search_events\"> <span class=\"page-numbers current\">1<\/span> <a class=\"page-numbers\" href=\"\/nantes-oca\/wp-json\/wp\/v2\/pages\/7771?pno=2\" title=\"2\">2<\/a>  <a class=\"page-numbers\" href=\"\/nantes-oca\/wp-json\/wp\/v2\/pages\/7771?pno=3\" title=\"3\">3<\/a>  <a class=\"next page-numbers\" href=\"\/nantes-oca\/wp-json\/wp\/v2\/pages\/7771?pno=2\" title=\"2\">&gt;<\/a>  <\/div>\t<\/div>\r\n<\/div>\n\n\n\n<div style=\"height:100px\" aria-hidden=\"true\" class=\"wp-block-spacer\"><\/div>\n\n\n\n<figure class=\"wp-block-image size-large\"><img loading=\"lazy\" decoding=\"async\" width=\"445\" height=\"278\" src=\"https:\/\/alternatiba.eu\/nantes-oca\/wp-content\/uploads\/2020\/02\/R\u00e9u-de-coordo-strat\u00e9gique.png\" alt=\"\" class=\"wp-image-8177\" srcset=\"https:\/\/alternatiba.eu\/nantes-oca\/wp-content\/uploads\/2020\/02\/R\u00e9u-de-coordo-strat\u00e9gique.png 445w, https:\/\/alternatiba.eu\/nantes-oca\/wp-content\/uploads\/2020\/02\/R\u00e9u-de-coordo-strat\u00e9gique-300x187.png 300w, https:\/\/alternatiba.eu\/nantes-oca\/wp-content\/uploads\/2020\/02\/R\u00e9u-de-coordo-strat\u00e9gique-100x62.png 100w\" sizes=\"(max-width: 445px) 100vw, 445px\" \/><\/figure>\n\n\n\n<p>Les r\u00e9unions de strat\u00e9gie ont lieu tous les 3 mois environ, servent au groupe local de se doter d&rsquo;une vision \u00e0 moyen et long terme.<\/p>\n\n\n<div class=\"em em-view-container\" id=\"em-view-655698775\" data-view=\"list\">\r\n\t<div class=\"em pixelbones em-list em-events-list\" id=\"em-events-list-655698775\" data-view-id=\"655698775\">\r\n\t<table class=\"events-table\" >\r\n    <thead>\r\n        <tr>\r\n\t\t\t<th class=\"event-time\" scope=\"col\">Liste des r\u00e9unions<\/th>\r\n<th  style=\"width:10%\">Animation<\/th>\r\n<th style=\"width:10%\">Compte rendu<\/th>\r\n\t\t<\/tr>\r\n   \t<\/thead>\r\n    <tbody><tr>\r\n\t\t\t<td>\r\n                <b>12\/03\/2023<\/b> : <a href=\"https:\/\/alternatiba.eu\/nantes-oca\/events\/coordo-strategique-12-mars-2023\/\">Coordo strat\u00e9gique 12 Mars 2023<\/a>\r\n            <\/td>\r\n            <td>\r\nThomas\r\n            <\/td>\r\n            <td>\r\nAntoine\r\n            <\/td>\r\n        <\/tr><tr>\r\n\t\t\t<td>\r\n                <b>18\/06\/2022<\/b> : <a href=\"https:\/\/alternatiba.eu\/nantes-oca\/events\/coordination-strategique-de-juin-2022\/\">Coordination strat\u00e9gique de juin 2022<\/a>\r\n            <\/td>\r\n            <td>\r\nGwendo \/ Nico \/ R\u00e9mi\r\n            <\/td>\r\n            <td>\r\nGwendo \/ Nico \/ R\u00e9mi\r\n            <\/td>\r\n        <\/tr><tr>\r\n\t\t\t<td>\r\n                <b>18\/12\/2021<\/b> : <a href=\"https:\/\/alternatiba.eu\/nantes-oca\/events\/coordo-strategique-18-12-2021\/\">Coordo Strat\u00e9gique 18\/12\/2021<\/a>\r\n            <\/td>\r\n            <td>\r\nSimon\r\n            <\/td>\r\n            <td>\r\nMatthieu\r\n            <\/td>\r\n        <\/tr><tr>\r\n\t\t\t<td>\r\n                <b>16\/10\/2021<\/b> : <a href=\"https:\/\/alternatiba.eu\/nantes-oca\/events\/octobre-2021-reunion-de-coordo-strategique\/\">Octobre 2021 - R\u00e9union de coordo strat\u00e9gique<\/a>\r\n            <\/td>\r\n            <td>\r\nThomas\r\n            <\/td>\r\n            <td>\r\nSophie C et Steffie\r\n            <\/td>\r\n        <\/tr><tr>\r\n\t\t\t<td>\r\n                <b>13\/06\/2020<\/b> : <a href=\"https:\/\/alternatiba.eu\/nantes-oca\/events\/coordination-strategique-alternatiba-nantes-et-gignv\/\">Coordination strat\u00e9gique Alternatiba Nantes et GIGNV<\/a>\r\n            <\/td>\r\n            <td>\r\nR\u00e9mi\r\n            <\/td>\r\n            <td>\r\nSteffie\r\n            <\/td>\r\n        <\/tr><tr>\r\n\t\t\t<td>\r\n                <b>12\/01\/2020<\/b> : <a href=\"https:\/\/alternatiba.eu\/nantes-oca\/events\/3eme-coordination-strategique-janvier-2020\/\">3\u00e8me Coordination Strat\u00e9gique Janvier 2020<\/a>\r\n            <\/td>\r\n            <td>\r\n@alicer  @simon-louvet  @sophiec\r\n            <\/td>\r\n            <td>\r\n\r\n            <\/td>\r\n        <\/tr><tr>\r\n\t\t\t<td>\r\n                <b>25\/09\/2019<\/b> : <a href=\"https:\/\/alternatiba.eu\/nantes-oca\/events\/reunion-strategique-alternatiba-gignv\/\">R\u00e9union strat\u00e9gique Alternatiba - GIGNV<\/a>\r\n            <\/td>\r\n            <td>\r\n\r\n            <\/td>\r\n            <td>\r\n\r\n            <\/td>\r\n        <\/tr><tr>\r\n\t\t\t<td>\r\n                <b>23\/02\/2019<\/b> : <a href=\"https:\/\/alternatiba.eu\/nantes-oca\/events\/reunion-strategique-alternatiba-nantes-gignv-du-23-fevrier-2019\/\">R\u00e9union strat\u00e9gique Alternatiba Nantes\/GIGNV du 23 f\u00e9vrier 2019<\/a>\r\n            <\/td>\r\n            <td>\r\n\r\n            <\/td>\r\n            <td>\r\n\r\n            <\/td>\r\n        <\/tr><tr>\r\n\t\t\t<td>\r\n                <b>21\/01\/2019<\/b> : <a href=\"https:\/\/alternatiba.eu\/nantes-oca\/events\/coordo-strategique\/\">Coordo strat\u00e9gique<\/a>\r\n            <\/td>\r\n            <td>\r\n\r\n            <\/td>\r\n            <td>\r\n\r\n            <\/td>\r\n        <\/tr><\/tbody><\/table>\t<\/div>\r\n<\/div>\n\n\n\n<p><\/p>\n","protected":false},"excerpt":{"rendered":"<p>La coordination d&rsquo;Alternatiba sert \u00e0 traiter les sujets communs (qui concernent le collectif), synchroniser les groupes de travail locaux pour \u00eatre plus efficace et amener de l&rsquo;intelligence collective dans tous les groupes. Voici les prochaines coordinations (n&rsquo;h\u00e9sitez pas \u00e0 vous inscrire pour l&rsquo;animer ou prendre le CR en modifiant la page et en notant votre nom dans le champ \u00ab\u00a0Animation\u00a0\u00bb ou \u00ab\u00a0Compte rendu\u00a0\u00bb \u00e0 droite en haut de la page) Voici la liste des derniers comptes rendus de r\u00e9union de coordination : Les r\u00e9unions de strat\u00e9gie ont lieu tous les 3 mois environ, servent au groupe local de se doter d&rsquo;une vision \u00e0 moyen et long terme.<\/p>\n","protected":false},"author":1,"featured_media":0,"parent":0,"menu_order":0,"comment_status":"closed","ping_status":"closed","template":"","meta":{"_bbp_topic_count":0,"_bbp_reply_count":0,"_bbp_total_topic_count":0,"_bbp_total_reply_count":0,"_bbp_voice_count":0,"_bbp_anonymous_reply_count":0,"_bbp_topic_count_hidden":0,"_bbp_reply_count_hidden":0,"_bbp_forum_subforum_count":0,"footnotes":""},"_links":{"self":[{"href":"https:\/\/alternatiba.eu\/nantes-oca\/wp-json\/wp\/v2\/pages\/7771"}],"collection":[{"href":"https:\/\/alternatiba.eu\/nantes-oca\/wp-json\/wp\/v2\/pages"}],"about":[{"href":"https:\/\/alternatiba.eu\/nantes-oca\/wp-json\/wp\/v2\/types\/page"}],"author":[{"embeddable":true,"href":"https:\/\/alternatiba.eu\/nantes-oca\/wp-json\/wp\/v2\/users\/1"}],"replies":[{"embeddable":true,"href":"https:\/\/alternatiba.eu\/nantes-oca\/wp-json\/wp\/v2\/comments?post=7771"}],"version-history":[{"count":16,"href":"https:\/\/alternatiba.eu\/nantes-oca\/wp-json\/wp\/v2\/pages\/7771\/revisions"}],"predecessor-version":[{"id":8748,"href":"https:\/\/alternatiba.eu\/nantes-oca\/wp-json\/wp\/v2\/pages\/7771\/revisions\/8748"}],"wp:attachment":[{"href":"https:\/\/alternatiba.eu\/nantes-oca\/wp-json\/wp\/v2\/media?parent=7771"}],"curies":[{"name":"wp","href":"https:\/\/api.w.org\/{rel}","templated":true}]}}