{"id":7738,"date":"2019-11-11T21:45:41","date_gmt":"2019-11-11T20:45:41","guid":{"rendered":"https:\/\/alternatiba.eu\/nantes-oca\/?page_id=7738"},"modified":"2019-11-25T13:52:50","modified_gmt":"2019-11-25T12:52:50","slug":"newsletter-les-bonnes-revolutions","status":"publish","type":"page","link":"https:\/\/alternatiba.eu\/nantes-oca\/newsletter-les-bonnes-revolutions\/","title":{"rendered":"Newsletter les bonnes r\u00e9volutions"},"content":{"rendered":"\n<div class=\"wp-block-image\"><figure class=\"aligncenter\"><img loading=\"lazy\" decoding=\"async\" width=\"670\" height=\"225\" src=\"https:\/\/alternatiba.eu\/nantes-oca\/wp-content\/uploads\/2019\/11\/Bandeau-bonnes-re\u0301v.png\" alt=\"\" class=\"wp-image-7749\" srcset=\"https:\/\/alternatiba.eu\/nantes-oca\/wp-content\/uploads\/2019\/11\/Bandeau-bonnes-re\u0301v.png 670w, https:\/\/alternatiba.eu\/nantes-oca\/wp-content\/uploads\/2019\/11\/Bandeau-bonnes-re\u0301v-300x101.png 300w\" sizes=\"(max-width: 670px) 100vw, 670px\" \/><\/figure><\/div>\n\n\n\n<div style=\"height:66px\" aria-hidden=\"true\" class=\"wp-block-spacer\"><\/div>\n\n\n\n<h2 style=\"margin-left:6em;margin-right:6em;\">Devenez fin connaisseur des alternatives nantaises pour le climat \ud83d\ude0e<\/h2>\n\n\n\n<p style=\"font-size:21px;height: 1.5em;margin-bottom: 2.5em;\nmargin-top: 2em;margin-left: 6em;margin-right: 6em;\">Ce programme de<strong> 7 mails<\/strong> va vous pr\u00e9senter de fa\u00e7on concise chaque semaine les d\u00e9fis Nantais pour le climat. Ces d\u00e9fis visent \u00e0 faire prendre leur envol les solutions citoyennes pour r\u00e9duire notre empreinte sur l&rsquo;environnement \ud83d\udcaa.<\/p>\n\n\n\n<div style=\"height:55px\" aria-hidden=\"true\" class=\"wp-block-spacer\"><\/div>\n\n\n\n<div class=\"wp-block-columns has-3-columns is-layout-flex wp-container-core-columns-layout-1 wp-block-columns-is-layout-flex\">\n<div class=\"wp-block-column is-layout-flow wp-block-column-is-layout-flow\"><\/div>\n\n\n\n<div class=\"wp-block-column is-layout-flow wp-block-column-is-layout-flow\">\n<p>\ud83d\udc47 Inscrivez-vous ici ! \ud83d\udc47 <\/p>\n\n\n  \n  \n  <div class=\"\n    mailpoet_form_popup_overlay\n      \"><\/div>\n  <div\n    id=\"mailpoet_form_2\"\n    class=\"\n      mailpoet_form\n      mailpoet_form_shortcode\n      mailpoet_form_position_\n      mailpoet_form_animation_\n    \"\n      >\n    \n    <style type=\"text\/css\">\n     #mailpoet_form_2 .mailpoet_form {  }\n#mailpoet_form_2 .mailpoet_paragraph { line-height: 20px; }\n#mailpoet_form_2 .mailpoet_segment_label, #mailpoet_form_2 .mailpoet_text_label, #mailpoet_form_2 .mailpoet_textarea_label, #mailpoet_form_2 .mailpoet_select_label, #mailpoet_form_2 .mailpoet_radio_label, #mailpoet_form_2 .mailpoet_checkbox_label, #mailpoet_form_2 .mailpoet_list_label, #mailpoet_form_2 .mailpoet_date_label { display: block; font-weight: bold; }\n#mailpoet_form_2 .mailpoet_text, #mailpoet_form_2 .mailpoet_textarea, #mailpoet_form_2 .mailpoet_select, #mailpoet_form_2 .mailpoet_date_month, #mailpoet_form_2 .mailpoet_date_day, #mailpoet_form_2 .mailpoet_date_year, #mailpoet_form_2 .mailpoet_date { display: block; }\n#mailpoet_form_2 .mailpoet_text, #mailpoet_form_2 .mailpoet_textarea { width: 200px; }\n#mailpoet_form_2 .mailpoet_checkbox {  }\n#mailpoet_form_2 .mailpoet_submit input {  }\n#mailpoet_form_2 .mailpoet_divider {  }\n#mailpoet_form_2 .mailpoet_message {  }\n#mailpoet_form_2 .mailpoet_validate_success { font-weight: 600; color: #468847; }\n#mailpoet_form_2 .mailpoet_validate_error { color: #b94a48; }\n#mailpoet_form_2 .mailpoet_form_loading { width: 30px; text-align: center; line-height: normal; }\n#mailpoet_form_2 .mailpoet_form_loading > span { width: 5px; height: 5px; background-color: #5b5b5b; }#mailpoet_form_2{;}#mailpoet_form_2 .mailpoet_message {margin: 0; padding: 0 20px;}#mailpoet_form_2 .mailpoet_paragraph.last {margin-bottom: 0} @media (max-width: 500px) {#mailpoet_form_2 {background-image: none;}} @media (min-width: 500px) {#mailpoet_form_2 .last .mailpoet_paragraph:last-child {margin-bottom: 0}}  @media (max-width: 500px) {#mailpoet_form_2 .mailpoet_form_column:last-child .mailpoet_paragraph:last-child {margin-bottom: 0}} \n    <\/style>\n\n    <form\n      target=\"_self\"\n      method=\"post\"\n      action=\"https:\/\/alternatiba.eu\/nantes-oca\/wp-admin\/admin-post.php?action=mailpoet_subscription_form\"\n      class=\"mailpoet_form mailpoet_form_form mailpoet_form_shortcode\"\n      novalidate\n      data-delay=\"\"\n      data-exit-intent-enabled=\"\"\n      data-font-family=\"\"\n      data-cookie-expiration-time=\"\"\n    >\n      <input type=\"hidden\" name=\"data[form_id]\" value=\"2\" \/>\n      <input type=\"hidden\" name=\"token\" value=\"8f3d58af05\" \/>\n      <input type=\"hidden\" name=\"api_version\" value=\"v1\" \/>\n      <input type=\"hidden\" name=\"endpoint\" value=\"subscribers\" \/>\n      <input type=\"hidden\" name=\"mailpoet_method\" value=\"subscribe\" \/>\n\n      <label class=\"mailpoet_hp_email_label\" style=\"display: none !important;\">Veuillez laisser ce champ vide<input type=\"email\" name=\"data[email]\"\/><\/label><div class=\"mailpoet_paragraph\"><label for=\"form_first_name_2\" class=\"mailpoet_text_label\" data-automation-id=\"form_first_name_label\" >Pr\u00e9nom<\/label><input type=\"text\" autocomplete=\"given-name\" class=\"mailpoet_text\" id=\"form_first_name_2\" name=\"data[form_field_ZGNlOWRiOTRkZDYyX2ZpcnN0X25hbWU=]\" title=\"Pr\u00e9nom\" value=\"\" data-automation-id=\"form_first_name\" data-parsley-names='[&quot;Veuillez sp\\u00e9cifier un nom valide.&quot;,&quot;Les adresses dans les noms ne sont pas autoris\\u00e9es, veuillez ajouter votre nom \\u00e0 la place.&quot;]'\/><\/div>\n<div class=\"mailpoet_paragraph\"><label for=\"form_email_2\" class=\"mailpoet_text_label\" data-automation-id=\"form_email_label\" >E-mail <span class=\"mailpoet_required\">*<\/span><\/label><input type=\"email\" autocomplete=\"email\" class=\"mailpoet_text\" id=\"form_email_2\" name=\"data[form_field_Y2NmNWJlM2IxMWEyX2VtYWls]\" title=\"E-mail\" value=\"\" data-automation-id=\"form_email\" data-parsley-required=\"true\" data-parsley-minlength=\"6\" data-parsley-maxlength=\"150\" data-parsley-type-message=\"Cette valeur doit \u00eatre un e-mail valide.\" data-parsley-errors-container=\".mailpoet_error_email_\" data-parsley-required-message=\"Ce champ est n\u00e9cessaire.\"\/><\/div>\n<div class=\"mailpoet_paragraph\"><input type=\"submit\" class=\"mailpoet_submit\" value=\"Je m\u2019abonne\u00a0!\" data-automation-id=\"subscribe-submit-button\" style=\"border-color:transparent;\" \/><span class=\"mailpoet_form_loading\"><span class=\"mailpoet_bounce1\"><\/span><span class=\"mailpoet_bounce2\"><\/span><span class=\"mailpoet_bounce3\"><\/span><\/span><\/div>\n\n      <div class=\"mailpoet_message\">\n        <p class=\"mailpoet_validate_success\"\n                style=\"display:none;\"\n                >V\u00e9rifiez votre boite de r\u00e9ception ou votre r\u00e9pertoire d\u2019ind\u00e9sirables pour confirmer votre abonnement.\n        <\/p>\n        <p class=\"mailpoet_validate_error\"\n                style=\"display:none;\"\n                >        <\/p>\n      <\/div>\n    <\/form>\n  <\/div>\n\n  \n<\/div>\n\n\n\n<div class=\"wp-block-column is-layout-flow wp-block-column-is-layout-flow\">\n<p><\/p>\n<\/div>\n<\/div>\n\n\n\n<div style=\"height:285px\" aria-hidden=\"true\" class=\"wp-block-spacer\"><\/div>\n","protected":false},"excerpt":{"rendered":"<p>Devenez fin connaisseur des alternatives nantaises pour le climat \ud83d\ude0e Ce programme de 7 mails va vous pr\u00e9senter de fa\u00e7on concise chaque semaine les d\u00e9fis Nantais pour le climat. Ces d\u00e9fis visent \u00e0 faire prendre leur envol les solutions citoyennes pour r\u00e9duire notre empreinte sur l&rsquo;environnement \ud83d\udcaa. \ud83d\udc47 Inscrivez-vous ici ! \ud83d\udc47<\/p>\n","protected":false},"author":1,"featured_media":0,"parent":0,"menu_order":0,"comment_status":"closed","ping_status":"closed","template":"","meta":{"_bbp_topic_count":0,"_bbp_reply_count":0,"_bbp_total_topic_count":0,"_bbp_total_reply_count":0,"_bbp_voice_count":0,"_bbp_anonymous_reply_count":0,"_bbp_topic_count_hidden":0,"_bbp_reply_count_hidden":0,"_bbp_forum_subforum_count":0,"footnotes":""},"_links":{"self":[{"href":"https:\/\/alternatiba.eu\/nantes-oca\/wp-json\/wp\/v2\/pages\/7738"}],"collection":[{"href":"https:\/\/alternatiba.eu\/nantes-oca\/wp-json\/wp\/v2\/pages"}],"about":[{"href":"https:\/\/alternatiba.eu\/nantes-oca\/wp-json\/wp\/v2\/types\/page"}],"author":[{"embeddable":true,"href":"https:\/\/alternatiba.eu\/nantes-oca\/wp-json\/wp\/v2\/users\/1"}],"replies":[{"embeddable":true,"href":"https:\/\/alternatiba.eu\/nantes-oca\/wp-json\/wp\/v2\/comments?post=7738"}],"version-history":[{"count":11,"href":"https:\/\/alternatiba.eu\/nantes-oca\/wp-json\/wp\/v2\/pages\/7738\/revisions"}],"predecessor-version":[{"id":7802,"href":"https:\/\/alternatiba.eu\/nantes-oca\/wp-json\/wp\/v2\/pages\/7738\/revisions\/7802"}],"wp:attachment":[{"href":"https:\/\/alternatiba.eu\/nantes-oca\/wp-json\/wp\/v2\/media?parent=7738"}],"curies":[{"name":"wp","href":"https:\/\/api.w.org\/{rel}","templated":true}]}}