{"id":7437,"date":"2015-03-10T20:30:21","date_gmt":"2015-03-10T19:30:21","guid":{"rendered":"https:\/\/alternatiba.eu\/nantes-oca\/?page_id=3608"},"modified":"2015-03-10T20:30:21","modified_gmt":"2015-03-10T19:30:21","slug":"formulaire-inscription","status":"publish","type":"page","link":"https:\/\/alternatiba.eu\/nantes-oca\/formulaire-inscription\/","title":{"rendered":"S&rsquo;inscrire comme b\u00e9n\u00e9vole"},"content":{"rendered":"<p style=\"text-align: center;\"><strong>Vous souhaitez nous rejoindre pour l&rsquo;organisation d&rsquo;Alternatiba ?<\/strong><\/p>\n<p style=\"text-align: center;\"><strong>Nous recherchons des b\u00e9n\u00e9voles disponibles d\u00e8s maintenant ainsi que les 17, 18, 19, 20 et 21 septembre pour nous aider \u00e0 r\u00e9aliser l\u2019\u00e9v\u00e9nement<\/strong><\/p>\n<p>Remplissez les champs suivants, cochez une ou plusieurs cases, puis \u00e0 la fin cliquez sur \u00ab\u00a0soumettre\u00a0\u00bb. Vous recevrez un email de confirmation\u00a0validant la prise en compte de votre\u00a0proposition de b\u00e9n\u00e9volat.<\/p>\n[wp_crm_form form=formulaire_inscription_organisation_commission]\n<p><span style=\"color: #ff0000;\"><strong>Attention ! Les champs \u00ab\u00a0Pr\u00e9nom Nom\u00a0\u00bb, \u00ab\u00a0Email\u00a0\u00bb et \u00ab\u00a0T\u00e9l\u00e9phone\u00a0\u00bb sont obligatoires. Le formulaire ne sera pas pris en compte s&rsquo;ils ne sont pas renseign\u00e9s.<\/strong><\/span><\/p>\n<p>&nbsp;<\/p>\n<h2 style=\"text-align: center;\"><span style=\"color: #339966;\"><strong>Postes restants \u00e0 pourvoir (m\u00e0j le 17\/09\/2015)<\/strong><\/span><\/h2>\n<p>&nbsp;<\/p>\n<p style=\"text-align: left;\"><strong><span style=\"color: #000000;\">\u00a0<\/span><\/strong><\/p>\n<p style=\"text-align: left;\"><strong>Vendredi 18\/09 :<\/strong><br \/>\n&#8211; Vidage camion 12h-14h : 2<br \/>\n&#8211; Installation Manufacture 15h-18h : 1<\/p>\n<p style=\"text-align: left;\"><strong>Samedi 19\/09 :<\/strong><br \/>\n&#8211; Tous les postes sont pourvus !<\/p>\n<p style=\"text-align: left;\"><strong>Dimanche 20\/09 :<\/strong><br \/>\n&#8211; Installation du village et de la d\u00e9co 7h-10h : gros besoins !<br \/>\n&#8211; Volant logistique 10h-14h : 5<br \/>\n&#8211; Volant logistique 14h-19h : 4<br \/>\n&#8211; \u00c9lectricit\u00e9 (installation et d\u00e9sinstallation) : 1<br \/>\n&#8211; Cuisine apr\u00e8s midi : 3<br \/>\n&#8211; Accueil 9h-12h : 3<br \/>\n&#8211; Accueil 15h-19h : 3<br \/>\n&#8211; Brigade verte 18h-21h : 3<br \/>\n&#8211; Photos \/ vid\u00e9os : 2<br \/>\n&#8211; Aide sc\u00e8ne (aide montage\/d\u00e9montage) 10h-13h, 13h-16h et 16h-19h : 1 \/cr\u00e9neau<br \/>\n&#8211; Brigade de clowns : 2-3 pers la journ\u00e9e<br \/>\n&#8211; Aide espace \u00e9nergie climat 10h-18h : 2<br \/>\n&#8211; Circulation (bornes) 19h-22h : 1<br \/>\n&#8211; D\u00e9montage du village 19h-22h : gros besoins !<\/p>\n<p style=\"text-align: left;\"><strong>Lundi 21\/09 :<\/strong><br \/>\n&#8211; Retour mat\u00e9riel matin : 8<br \/>\n&#8211; Retour mat\u00e9riel apr\u00e8s midi: 15<\/p>\n<p>&nbsp;\t\t<\/p>\n","protected":false},"excerpt":{"rendered":"<p>Vous souhaitez nous rejoindre pour l&rsquo;organisation d&rsquo;Alternatiba ? Nous recherchons des b\u00e9n\u00e9voles disponibles d\u00e8s maintenant ainsi que les 17, 18, 19, 20 et 21 septembre pour nous aider \u00e0 r\u00e9aliser l\u2019\u00e9v\u00e9nement Remplissez les champs suivants, cochez une ou plusieurs cases, puis \u00e0 la fin cliquez sur \u00ab\u00a0soumettre\u00a0\u00bb. Vous recevrez un email de confirmation\u00a0validant la prise en compte de votre\u00a0proposition de b\u00e9n\u00e9volat. [wp_crm_form form=formulaire_inscription_organisation_commission] Attention ! Les champs \u00ab\u00a0Pr\u00e9nom Nom\u00a0\u00bb, \u00ab\u00a0Email\u00a0\u00bb et \u00ab\u00a0T\u00e9l\u00e9phone\u00a0\u00bb sont obligatoires. Le formulaire ne sera pas pris en compte s&rsquo;ils ne sont pas renseign\u00e9s. &nbsp; Postes restants \u00e0 pourvoir (m\u00e0j le 17\/09\/2015) &nbsp; \u00a0 Vendredi 18\/09 : &#8211; Vidage camion 12h-14h : 2 &#8211; Installation Manufacture 15h-18h : 1 Samedi 19\/09 : &#8211; Tous les postes sont pourvus ! Dimanche 20\/09 : &#8211; Installation du village et de la d\u00e9co 7h-10h : gros besoins ! &#8211; Volant logistique 10h-14h : 5 &#8211; Volant logistique 14h-19h : 4 &#8211; \u00c9lectricit\u00e9 (installation et d\u00e9sinstallation) : 1 &#8211; Cuisine apr\u00e8s midi : 3 &#8211; Accueil 9h-12h : 3 &#8211; Accueil 15h-19h : 3 &#8211; Brigade verte 18h-21h : 3 &#8211; Photos \/ vid\u00e9os : 2 &#8211; Aide sc\u00e8ne (aide montage\/d\u00e9montage) 10h-13h, 13h-16h et 16h-19h : 1 \/cr\u00e9neau &#8211; Brigade de clowns : 2-3 pers la journ\u00e9e &#8211; Aide espace \u00e9nergie climat 10h-18h : 2 &#8211; Circulation (bornes) 19h-22h : 1 &#8211; D\u00e9montage du village 19h-22h : gros besoins ! Lundi 21\/09 : &#8211; Retour mat\u00e9riel matin : 8 &#8211; Retour mat\u00e9riel apr\u00e8s midi: 15 &nbsp;<\/p>\n","protected":false},"author":2,"featured_media":0,"parent":0,"menu_order":0,"comment_status":"open","ping_status":"open","template":"","meta":{"_bbp_topic_count":0,"_bbp_reply_count":0,"_bbp_total_topic_count":0,"_bbp_total_reply_count":0,"_bbp_voice_count":0,"_bbp_anonymous_reply_count":0,"_bbp_topic_count_hidden":0,"_bbp_reply_count_hidden":0,"_bbp_forum_subforum_count":0,"footnotes":""},"_links":{"self":[{"href":"https:\/\/alternatiba.eu\/nantes-oca\/wp-json\/wp\/v2\/pages\/7437"}],"collection":[{"href":"https:\/\/alternatiba.eu\/nantes-oca\/wp-json\/wp\/v2\/pages"}],"about":[{"href":"https:\/\/alternatiba.eu\/nantes-oca\/wp-json\/wp\/v2\/types\/page"}],"author":[{"embeddable":true,"href":"https:\/\/alternatiba.eu\/nantes-oca\/wp-json\/wp\/v2\/users\/2"}],"replies":[{"embeddable":true,"href":"https:\/\/alternatiba.eu\/nantes-oca\/wp-json\/wp\/v2\/comments?post=7437"}],"version-history":[{"count":0,"href":"https:\/\/alternatiba.eu\/nantes-oca\/wp-json\/wp\/v2\/pages\/7437\/revisions"}],"wp:attachment":[{"href":"https:\/\/alternatiba.eu\/nantes-oca\/wp-json\/wp\/v2\/media?parent=7437"}],"curies":[{"name":"wp","href":"https:\/\/api.w.org\/{rel}","templated":true}]}}