{"id":5894,"date":"2016-05-20T14:32:48","date_gmt":"2016-05-20T12:32:48","guid":{"rendered":"https:\/\/alternatiba.eu\/nantes-oca\/?page_id=5894"},"modified":"2023-03-19T18:48:08","modified_gmt":"2023-03-19T17:48:08","slug":"creer-un-nouvelle-reunion","status":"publish","type":"page","link":"https:\/\/alternatiba.eu\/nantes-oca\/creer-un-nouvelle-reunion\/","title":{"rendered":"Cr\u00e9er une nouvelle r\u00e9union"},"content":{"rendered":"\n<p>\ud83d\ude31 Perdu ? <a href=\"https:\/\/alternatiba.eu\/nantes-oca\/tuto%F0%9F%A4%9Dcreer-une-reunion\/\">Suivez le tuto !<\/a><\/p>\n\n\n<div class=\"css-event-form\">\t<div class=\"wrap\"><h2>Acc\u00e8s non autoris\u00e9<\/h2><p>Vous n\u2019avez pas le droit de g\u00e9rer ce \u00c9v\u00e8nement.<\/p><\/div>\r\n\t<\/div>","protected":false},"excerpt":{"rendered":"<p>\ud83d\ude31 Perdu ? Suivez le tuto !<\/p>\n","protected":false},"author":2,"featured_media":0,"parent":0,"menu_order":0,"comment_status":"closed","ping_status":"closed","template":"","meta":{"_bbp_topic_count":0,"_bbp_reply_count":0,"_bbp_total_topic_count":0,"_bbp_total_reply_count":0,"_bbp_voice_count":0,"_bbp_anonymous_reply_count":0,"_bbp_topic_count_hidden":0,"_bbp_reply_count_hidden":0,"_bbp_forum_subforum_count":0,"footnotes":""},"_links":{"self":[{"href":"https:\/\/alternatiba.eu\/nantes-oca\/wp-json\/wp\/v2\/pages\/5894"}],"collection":[{"href":"https:\/\/alternatiba.eu\/nantes-oca\/wp-json\/wp\/v2\/pages"}],"about":[{"href":"https:\/\/alternatiba.eu\/nantes-oca\/wp-json\/wp\/v2\/types\/page"}],"author":[{"embeddable":true,"href":"https:\/\/alternatiba.eu\/nantes-oca\/wp-json\/wp\/v2\/users\/2"}],"replies":[{"embeddable":true,"href":"https:\/\/alternatiba.eu\/nantes-oca\/wp-json\/wp\/v2\/comments?post=5894"}],"version-history":[{"count":4,"href":"https:\/\/alternatiba.eu\/nantes-oca\/wp-json\/wp\/v2\/pages\/5894\/revisions"}],"predecessor-version":[{"id":9293,"href":"https:\/\/alternatiba.eu\/nantes-oca\/wp-json\/wp\/v2\/pages\/5894\/revisions\/9293"}],"wp:attachment":[{"href":"https:\/\/alternatiba.eu\/nantes-oca\/wp-json\/wp\/v2\/media?parent=5894"}],"curies":[{"name":"wp","href":"https:\/\/api.w.org\/{rel}","templated":true}]}}