{"id":27,"date":"2019-03-01T14:45:31","date_gmt":"2019-03-01T13:45:31","guid":{"rendered":"https:\/\/alternatiba.eu\/nantes-oca-new\/inscription\/"},"modified":"2020-01-28T22:45:44","modified_gmt":"2020-01-28T21:45:44","slug":"inscription","status":"publish","type":"page","link":"https:\/\/alternatiba.eu\/nantes-oca\/inscription\/","title":{"rendered":"Inscription"},"content":{"rendered":"\n<h2 class=\"wp-block-heading\">Bienvenue !<\/h2>\n\n\n\n<p>OCA est LE point d&rsquo;entr\u00e9e du mouvement \u00e0 Nantes. Je vous encourage \u00e0 vous y inscrire  car les premiers jours de votre inscription vous allez recevoir un  petit programme de formation par mail pour tout savoir sur notre groupe  et son fonctionnement. <\/p>\n\n\n\n<p>Les r\u00e9unions des diff\u00e9rents groupes de travail y  sont inscrites et vous trouverez quelques articles pratiques ainsi qu&rsquo;un  acc\u00e8s \u00e0 notre chat interne (il faudra s&rsquo;inscrire).<\/p>\n\n\n\n<p>N&rsquo;h\u00e9sitez pas \u00e0 me faire vos retours via ce site, je suis preneur de vos commentaires !<\/p>\n","protected":false},"excerpt":{"rendered":"<p>Bienvenue ! OCA est LE point d&rsquo;entr\u00e9e du mouvement \u00e0 Nantes. Je vous encourage \u00e0 vous y inscrire car les premiers jours de votre inscription vous allez recevoir un petit programme de formation par mail pour tout savoir sur notre groupe et son fonctionnement. Les r\u00e9unions des diff\u00e9rents groupes de travail y sont inscrites et vous trouverez quelques articles pratiques ainsi qu&rsquo;un acc\u00e8s \u00e0 notre chat interne (il faudra s&rsquo;inscrire). N&rsquo;h\u00e9sitez pas \u00e0 me faire vos retours via ce site, je suis preneur de vos commentaires !<\/p>\n","protected":false},"author":1,"featured_media":0,"parent":0,"menu_order":0,"comment_status":"closed","ping_status":"closed","template":"","meta":{"_bbp_topic_count":0,"_bbp_reply_count":0,"_bbp_total_topic_count":0,"_bbp_total_reply_count":0,"_bbp_voice_count":0,"_bbp_anonymous_reply_count":0,"_bbp_topic_count_hidden":0,"_bbp_reply_count_hidden":0,"_bbp_forum_subforum_count":0,"footnotes":""},"_links":{"self":[{"href":"https:\/\/alternatiba.eu\/nantes-oca\/wp-json\/wp\/v2\/pages\/27"}],"collection":[{"href":"https:\/\/alternatiba.eu\/nantes-oca\/wp-json\/wp\/v2\/pages"}],"about":[{"href":"https:\/\/alternatiba.eu\/nantes-oca\/wp-json\/wp\/v2\/types\/page"}],"author":[{"embeddable":true,"href":"https:\/\/alternatiba.eu\/nantes-oca\/wp-json\/wp\/v2\/users\/1"}],"replies":[{"embeddable":true,"href":"https:\/\/alternatiba.eu\/nantes-oca\/wp-json\/wp\/v2\/comments?post=27"}],"version-history":[{"count":1,"href":"https:\/\/alternatiba.eu\/nantes-oca\/wp-json\/wp\/v2\/pages\/27\/revisions"}],"predecessor-version":[{"id":8154,"href":"https:\/\/alternatiba.eu\/nantes-oca\/wp-json\/wp\/v2\/pages\/27\/revisions\/8154"}],"wp:attachment":[{"href":"https:\/\/alternatiba.eu\/nantes-oca\/wp-json\/wp\/v2\/media?parent=27"}],"curies":[{"name":"wp","href":"https:\/\/api.w.org\/{rel}","templated":true}]}}